{"id":16,"date":"2023-12-21T02:35:36","date_gmt":"2023-12-21T01:35:36","guid":{"rendered":"https:\/\/federaciondecafeteros.org\/fnc-crowdfunding\/?page_id=16"},"modified":"2023-12-21T14:16:35","modified_gmt":"2023-12-21T13:16:35","slug":"mecanismo","status":"publish","type":"page","link":"https:\/\/federaciondecafeteros.org\/fnc-crowdfunding\/mecanismo\/","title":{"rendered":"Mecanismo"},"content":{"rendered":"\t\t<div data-elementor-type=\"wp-page\" data-elementor-id=\"16\" class=\"elementor elementor-16\" data-elementor-post-type=\"page\">\n\t\t\t\t\t\t\t<div class=\"elementor-element elementor-element-8e33e7c e-flex e-con-boxed e-con e-parent\" data-id=\"8e33e7c\" data-element_type=\"container\" data-settings=\"{&quot;background_background&quot;:&quot;classic&quot;,&quot;content_width&quot;:&quot;boxed&quot;}\" data-core-v316-plus=\"true\">\n\t\t\t\t\t<div class=\"e-con-inner\">\n\t\t<div class=\"elementor-element elementor-element-a914049 e-con-full e-flex e-con e-child\" data-id=\"a914049\" data-element_type=\"container\" data-settings=\"{&quot;content_width&quot;:&quot;full&quot;}\">\n\t\t\t\t<div class=\"elementor-element elementor-element-5e0033e elementor-widget elementor-widget-image\" data-id=\"5e0033e\" data-element_type=\"widget\" data-widget_type=\"image.default\">\n\t\t\t\t<div class=\"elementor-widget-container\">\n\t\t\t<style>\/*! elementor - v3.18.0 - 20-12-2023 *\/\n.elementor-widget-image{text-align:center}.elementor-widget-image a{display:inline-block}.elementor-widget-image a img[src$=\".svg\"]{width:48px}.elementor-widget-image img{vertical-align:middle;display:inline-block}<\/style>\t\t\t\t\t\t\t\t\t\t\t\t<img fetchpriority=\"high\" decoding=\"async\" width=\"501\" height=\"547\" src=\"https:\/\/federaciondecafeteros.org\/fnc-crowdfunding\/wp-content\/uploads\/2023\/12\/agrocafe-3.jpeg\" class=\"attachment-large size-large wp-image-40\" alt=\"\" srcset=\"https:\/\/federaciondecafeteros.org\/fnc-crowdfunding\/wp-content\/uploads\/2023\/12\/agrocafe-3.jpeg 501w, https:\/\/federaciondecafeteros.org\/fnc-crowdfunding\/wp-content\/uploads\/2023\/12\/agrocafe-3-275x300.jpeg 275w\" sizes=\"(max-width: 501px) 100vw, 501px\" \/>\t\t\t\t\t\t\t\t\t\t\t\t\t\t\t<\/div>\n\t\t\t\t<\/div>\n\t\t\t\t<\/div>\n\t\t<div class=\"elementor-element elementor-element-6562708 e-con-full e-flex e-con e-child\" data-id=\"6562708\" data-element_type=\"container\" data-settings=\"{&quot;content_width&quot;:&quot;full&quot;}\">\n\t\t\t\t<div class=\"elementor-element elementor-element-3e4dceb elementor-widget elementor-widget-heading\" data-id=\"3e4dceb\" data-element_type=\"widget\" data-widget_type=\"heading.default\">\n\t\t\t\t<div class=\"elementor-widget-container\">\n\t\t\t<style>\/*! elementor - v3.18.0 - 20-12-2023 *\/\n.elementor-heading-title{padding:0;margin:0;line-height:1}.elementor-widget-heading .elementor-heading-title[class*=elementor-size-]>a{color:inherit;font-size:inherit;line-height:inherit}.elementor-widget-heading .elementor-heading-title.elementor-size-small{font-size:15px}.elementor-widget-heading .elementor-heading-title.elementor-size-medium{font-size:19px}.elementor-widget-heading .elementor-heading-title.elementor-size-large{font-size:29px}.elementor-widget-heading .elementor-heading-title.elementor-size-xl{font-size:39px}.elementor-widget-heading .elementor-heading-title.elementor-size-xxl{font-size:59px}<\/style><h2 class=\"elementor-heading-title elementor-size-default\">\u00bfQu\u00e9 es?<\/h2>\t\t<\/div>\n\t\t\t\t<\/div>\n\t\t\t\t<div class=\"elementor-element elementor-element-1df6b01 elementor-widget elementor-widget-text-editor\" data-id=\"1df6b01\" data-element_type=\"widget\" data-widget_type=\"text-editor.default\">\n\t\t\t\t<div class=\"elementor-widget-container\">\n\t\t\t<style>\/*! elementor - v3.18.0 - 20-12-2023 *\/\n.elementor-widget-text-editor.elementor-drop-cap-view-stacked .elementor-drop-cap{background-color:#69727d;color:#fff}.elementor-widget-text-editor.elementor-drop-cap-view-framed .elementor-drop-cap{color:#69727d;border:3px solid;background-color:transparent}.elementor-widget-text-editor:not(.elementor-drop-cap-view-default) .elementor-drop-cap{margin-top:8px}.elementor-widget-text-editor:not(.elementor-drop-cap-view-default) .elementor-drop-cap-letter{width:1em;height:1em}.elementor-widget-text-editor .elementor-drop-cap{float:left;text-align:center;line-height:1;font-size:50px}.elementor-widget-text-editor .elementor-drop-cap-letter{display:inline-block}<\/style>\t\t\t\t<p>FNC Crowdfunding contribuye al compromiso permanente por la sostenibilidad, entendida como el aporte de la organizaci\u00f3n a la generaci\u00f3n de valor econ\u00f3mico, social, ambiental y organizacional para los cafeteros, sus comunidades y el pa\u00eds, a trav\u00e9s de un modelo de financiaci\u00f3n colaborativa para proyectos que se ejecuten en corto plazo y con inversiones de m\u00ednima cuant\u00eda.<\/p>\t\t\t\t\t\t<\/div>\n\t\t\t\t<\/div>\n\t\t\t\t<\/div>\n\t\t\t\t\t<\/div>\n\t\t\t\t<\/div>\n\t\t<div class=\"elementor-element elementor-element-8e9fa46 e-flex e-con-boxed e-con e-parent\" data-id=\"8e9fa46\" data-element_type=\"container\" data-settings=\"{&quot;background_background&quot;:&quot;classic&quot;,&quot;content_width&quot;:&quot;boxed&quot;}\" data-core-v316-plus=\"true\">\n\t\t\t\t\t<div class=\"e-con-inner\">\n\t\t<div class=\"elementor-element elementor-element-ae42c43 e-con-full e-flex e-con e-child\" data-id=\"ae42c43\" data-element_type=\"container\" data-settings=\"{&quot;content_width&quot;:&quot;full&quot;}\">\n\t\t\t\t<div class=\"elementor-element elementor-element-edc1ed1 elementor-widget elementor-widget-heading\" data-id=\"edc1ed1\" data-element_type=\"widget\" data-widget_type=\"heading.default\">\n\t\t\t\t<div class=\"elementor-widget-container\">\n\t\t\t<h2 class=\"elementor-heading-title elementor-size-default\">\u00bfC\u00f3mo funciona<\/h2>\t\t<\/div>\n\t\t\t\t<\/div>\n\t\t\t\t<div class=\"elementor-element elementor-element-9fe00fb elementor-widget elementor-widget-text-editor\" data-id=\"9fe00fb\" data-element_type=\"widget\" data-widget_type=\"text-editor.default\">\n\t\t\t\t<div class=\"elementor-widget-container\">\n\t\t\t\t\t\t\t<ol><li>Inscibe tu proyecto con el comit\u00e9 departamental m\u00e1s cercano.<\/li><li>Gestionamos la financiaci\u00f3n de t\u00fa proyecto a trav\u00e9s del FNC Crowdfunding.<\/li><li>Una vez cumplido el objetivo financiero de t\u00fa proyecto, el equipo de FNC Crowdfunding se encargar\u00e1 de ejecutarlo y entregartelo en el menor tiempo posible.<\/li><\/ol>\t\t\t\t\t\t<\/div>\n\t\t\t\t<\/div>\n\t\t\t\t<\/div>\n\t\t<div class=\"elementor-element elementor-element-7ffbc8b e-con-full e-flex e-con e-child\" data-id=\"7ffbc8b\" data-element_type=\"container\" data-settings=\"{&quot;content_width&quot;:&quot;full&quot;}\">\n\t\t\t\t<div class=\"elementor-element elementor-element-cfc9ea7 elementor-widget elementor-widget-image\" data-id=\"cfc9ea7\" data-element_type=\"widget\" data-widget_type=\"image.default\">\n\t\t\t\t<div class=\"elementor-widget-container\">\n\t\t\t\t\t\t\t\t\t\t\t\t\t\t\t<img fetchpriority=\"high\" decoding=\"async\" width=\"501\" height=\"547\" src=\"https:\/\/federaciondecafeteros.org\/fnc-crowdfunding\/wp-content\/uploads\/2023\/12\/agrocafe-3.jpeg\" class=\"attachment-large size-large wp-image-40\" alt=\"\" srcset=\"https:\/\/federaciondecafeteros.org\/fnc-crowdfunding\/wp-content\/uploads\/2023\/12\/agrocafe-3.jpeg 501w, https:\/\/federaciondecafeteros.org\/fnc-crowdfunding\/wp-content\/uploads\/2023\/12\/agrocafe-3-275x300.jpeg 275w\" sizes=\"(max-width: 501px) 100vw, 501px\" \/>\t\t\t\t\t\t\t\t\t\t\t\t\t\t\t<\/div>\n\t\t\t\t<\/div>\n\t\t\t\t<\/div>\n\t\t\t\t\t<\/div>\n\t\t\t\t<\/div>\n\t\t<div class=\"elementor-element elementor-element-03f716c e-flex e-con-boxed e-con e-parent\" data-id=\"03f716c\" data-element_type=\"container\" data-settings=\"{&quot;background_background&quot;:&quot;classic&quot;,&quot;content_width&quot;:&quot;boxed&quot;}\" data-core-v316-plus=\"true\">\n\t\t\t\t\t<div class=\"e-con-inner\">\n\t\t<div class=\"elementor-element elementor-element-a98edb9 e-con-full e-flex e-con e-child\" data-id=\"a98edb9\" data-element_type=\"container\" data-settings=\"{&quot;content_width&quot;:&quot;full&quot;}\">\n\t\t\t\t<div class=\"elementor-element elementor-element-f18fa2f elementor-widget elementor-widget-image\" data-id=\"f18fa2f\" data-element_type=\"widget\" data-widget_type=\"image.default\">\n\t\t\t\t<div class=\"elementor-widget-container\">\n\t\t\t\t\t\t\t\t\t\t\t\t\t\t\t<img fetchpriority=\"high\" decoding=\"async\" width=\"501\" height=\"547\" src=\"https:\/\/federaciondecafeteros.org\/fnc-crowdfunding\/wp-content\/uploads\/2023\/12\/agrocafe-3.jpeg\" class=\"attachment-large size-large wp-image-40\" alt=\"\" srcset=\"https:\/\/federaciondecafeteros.org\/fnc-crowdfunding\/wp-content\/uploads\/2023\/12\/agrocafe-3.jpeg 501w, https:\/\/federaciondecafeteros.org\/fnc-crowdfunding\/wp-content\/uploads\/2023\/12\/agrocafe-3-275x300.jpeg 275w\" sizes=\"(max-width: 501px) 100vw, 501px\" \/>\t\t\t\t\t\t\t\t\t\t\t\t\t\t\t<\/div>\n\t\t\t\t<\/div>\n\t\t\t\t<\/div>\n\t\t<div class=\"elementor-element elementor-element-acc55ee e-con-full e-flex e-con e-child\" data-id=\"acc55ee\" data-element_type=\"container\" data-settings=\"{&quot;content_width&quot;:&quot;full&quot;}\">\n\t\t\t\t<div class=\"elementor-element elementor-element-46f7d63 elementor-widget elementor-widget-heading\" data-id=\"46f7d63\" data-element_type=\"widget\" data-widget_type=\"heading.default\">\n\t\t\t\t<div class=\"elementor-widget-container\">\n\t\t\t<h2 class=\"elementor-heading-title elementor-size-default\">Mecanismos<\/h2>\t\t<\/div>\n\t\t\t\t<\/div>\n\t\t\t\t<div class=\"elementor-element elementor-element-f098943 elementor-widget elementor-widget-text-editor\" data-id=\"f098943\" data-element_type=\"widget\" data-widget_type=\"text-editor.default\">\n\t\t\t\t<div class=\"elementor-widget-container\">\n\t\t\t\t\t\t\t<p>Contamos con dos mecanismos para donar recursos a los proyectos:<\/p><p>\u00a0<\/p><ol><li><strong>Venta de caf\u00e9s especiales:<\/strong> Por cada venta de caf\u00e9 de alta calidad comercializado a trav\u00e9s de nuestros clientes aliados, se destinar\u00e1 una porci\u00f3n de la venta para invertir al beneficiario de un proyecto espec\u00edfico.<\/li><li><strong>Donaciones directas:<\/strong> Aportes a trav\u00e9s de la pasarela de pagos, que puede realizar cualquier persona natural o jur\u00eddica.<\/li><\/ol>\t\t\t\t\t\t<\/div>\n\t\t\t\t<\/div>\n\t\t\t\t<\/div>\n\t\t\t\t\t<\/div>\n\t\t\t\t<\/div>\n\t\t<div class=\"elementor-element elementor-element-71911cc e-flex e-con-boxed e-con e-parent\" data-id=\"71911cc\" data-element_type=\"container\" data-settings=\"{&quot;background_background&quot;:&quot;classic&quot;,&quot;content_width&quot;:&quot;boxed&quot;}\" data-core-v316-plus=\"true\">\n\t\t\t\t\t<div class=\"e-con-inner\">\n\t\t<div class=\"elementor-element elementor-element-e7edac8 e-con-full e-flex e-con e-child\" data-id=\"e7edac8\" data-element_type=\"container\" data-settings=\"{&quot;content_width&quot;:&quot;full&quot;}\">\n\t\t\t\t<div class=\"elementor-element elementor-element-3d34155 elementor-widget elementor-widget-heading\" data-id=\"3d34155\" data-element_type=\"widget\" data-widget_type=\"heading.default\">\n\t\t\t\t<div class=\"elementor-widget-container\">\n\t\t\t<h2 class=\"elementor-heading-title elementor-size-default\">Un t\u00edtulo cualquiera<\/h2>\t\t<\/div>\n\t\t\t\t<\/div>\n\t\t\t\t<div class=\"elementor-element elementor-element-f7dc9a5 elementor-widget elementor-widget-text-editor\" data-id=\"f7dc9a5\" data-element_type=\"widget\" data-widget_type=\"text-editor.default\">\n\t\t\t\t<div class=\"elementor-widget-container\">\n\t\t\t\t\t\t\t<ol><li>Inscibe tu proyecto con el comit\u00e9 departamental m\u00e1s cercano.<\/li><li>Gestionamos la financiaci\u00f3n de t\u00fa proyecto a trav\u00e9s del FNC Crowdfunding.<\/li><li>Una vez cumplido el objetivo financiero de t\u00fa proyecto, el equipo de FNC Crowdfunding se encargar\u00e1 de ejecutarlo y entregartelo en el menor tiempo posible.<\/li><\/ol>\t\t\t\t\t\t<\/div>\n\t\t\t\t<\/div>\n\t\t\t\t<\/div>\n\t\t<div class=\"elementor-element elementor-element-901e88b e-con-full e-flex e-con e-child\" data-id=\"901e88b\" data-element_type=\"container\" data-settings=\"{&quot;content_width&quot;:&quot;full&quot;}\">\n\t\t\t\t<div class=\"elementor-element elementor-element-2d8b569 elementor-widget elementor-widget-image\" data-id=\"2d8b569\" data-element_type=\"widget\" data-widget_type=\"image.default\">\n\t\t\t\t<div class=\"elementor-widget-container\">\n\t\t\t\t\t\t\t\t\t\t\t\t\t\t\t<img fetchpriority=\"high\" decoding=\"async\" width=\"501\" height=\"547\" src=\"https:\/\/federaciondecafeteros.org\/fnc-crowdfunding\/wp-content\/uploads\/2023\/12\/agrocafe-3.jpeg\" class=\"attachment-large size-large wp-image-40\" alt=\"\" srcset=\"https:\/\/federaciondecafeteros.org\/fnc-crowdfunding\/wp-content\/uploads\/2023\/12\/agrocafe-3.jpeg 501w, https:\/\/federaciondecafeteros.org\/fnc-crowdfunding\/wp-content\/uploads\/2023\/12\/agrocafe-3-275x300.jpeg 275w\" sizes=\"(max-width: 501px) 100vw, 501px\" \/>\t\t\t\t\t\t\t\t\t\t\t\t\t\t\t<\/div>\n\t\t\t\t<\/div>\n\t\t\t\t<\/div>\n\t\t\t\t\t<\/div>\n\t\t\t\t<\/div>\n\t\t\t\t\t\t\t<\/div>\n\t\t","protected":false},"excerpt":{"rendered":"<p>\u00bfQu\u00e9 es? FNC Crowdfunding contribuye al compromiso permanente por la sostenibilidad, entendida como el aporte de la organizaci\u00f3n a la generaci\u00f3n de valor econ\u00f3mico, social, ambiental y organizacional para los cafeteros, sus comunidades y el pa\u00eds, a trav\u00e9s de un modelo de financiaci\u00f3n colaborativa para proyectos que se ejecuten en corto plazo y con inversiones [&hellip;]<\/p>\n","protected":false},"author":1,"featured_media":0,"parent":0,"menu_order":0,"comment_status":"closed","ping_status":"closed","template":"","meta":{"footnotes":""},"acf":[],"_links":{"self":[{"href":"https:\/\/federaciondecafeteros.org\/fnc-crowdfunding\/wp-json\/wp\/v2\/pages\/16"}],"collection":[{"href":"https:\/\/federaciondecafeteros.org\/fnc-crowdfunding\/wp-json\/wp\/v2\/pages"}],"about":[{"href":"https:\/\/federaciondecafeteros.org\/fnc-crowdfunding\/wp-json\/wp\/v2\/types\/page"}],"author":[{"embeddable":true,"href":"https:\/\/federaciondecafeteros.org\/fnc-crowdfunding\/wp-json\/wp\/v2\/users\/1"}],"replies":[{"embeddable":true,"href":"https:\/\/federaciondecafeteros.org\/fnc-crowdfunding\/wp-json\/wp\/v2\/comments?post=16"}],"version-history":[{"count":0,"href":"https:\/\/federaciondecafeteros.org\/fnc-crowdfunding\/wp-json\/wp\/v2\/pages\/16\/revisions"}],"wp:attachment":[{"href":"https:\/\/federaciondecafeteros.org\/fnc-crowdfunding\/wp-json\/wp\/v2\/media?parent=16"}],"curies":[{"name":"wp","href":"https:\/\/api.w.org\/{rel}","templated":true}]}}