{"id":116,"date":"2019-10-03T16:01:54","date_gmt":"2019-10-03T21:01:54","guid":{"rendered":"https:\/\/federaciondecafeteros.org\/wp\/?page_id=116"},"modified":"2020-01-30T16:36:17","modified_gmt":"2020-01-30T21:36:17","slug":"donde-estamos","status":"publish","type":"page","link":"https:\/\/federaciondecafeteros.org\/wp\/federacion\/donde-estamos\/","title":{"rendered":"D\u00f3nde estamos"},"content":{"rendered":"\n<p>Contamos con comit\u00e9s departamentales y\nmunicipales en todas las zonas rurales del pa\u00eds donde se produce caf\u00e9. Nuestra\nsede principal se encuentra en Bogot\u00e1 D.C. y tenemos oficinas de representaci\u00f3n\nen Estados Unidos, Holanda, Jap\u00f3n y China, mercados claves para el caf\u00e9\ncolombiano.<\/p>\n","protected":false},"excerpt":{"rendered":"<p>Contamos con comit\u00e9s departamentales y municipales en todas las zonas rurales del pa\u00eds donde se produce caf\u00e9. Nuestra sede principal se encuentra en Bogot\u00e1 D.C. y tenemos oficinas de representaci\u00f3n en Estados Unidos, Holanda, Jap\u00f3n y China, mercados claves para el caf\u00e9 colombiano.<\/p>\n","protected":false},"author":1,"featured_media":1647,"parent":68,"menu_order":0,"comment_status":"closed","ping_status":"closed","template":"template-mapa.php","meta":{"_monsterinsights_skip_tracking":false,"_monsterinsights_sitenote_active":false,"_monsterinsights_sitenote_note":"","_monsterinsights_sitenote_category":0,"footnotes":""},"yoast_head":"<!-- This site is optimized with the Yoast SEO plugin v22.0 - https:\/\/yoast.com\/wordpress\/plugins\/seo\/ -->\n<title>D\u00f3nde estamos - Federaci\u00f3n Nacional de Cafeteros<\/title>\n<meta name=\"robots\" content=\"index, follow, max-snippet:-1, max-image-preview:large, max-video-preview:-1\" \/>\n<link rel=\"canonical\" href=\"https:\/\/federaciondecafeteros.org\/wp\/federacion\/donde-estamos\/\" \/>\n<meta property=\"og:locale\" content=\"es_ES\" \/>\n<meta property=\"og:type\" content=\"article\" \/>\n<meta property=\"og:title\" content=\"D\u00f3nde estamos - Federaci\u00f3n Nacional de Cafeteros\" \/>\n<meta property=\"og:description\" content=\"Contamos con comit\u00e9s departamentales y municipales en todas las zonas rurales del pa\u00eds donde se produce caf\u00e9. Nuestra sede principal se encuentra en Bogot\u00e1 D.C. y tenemos oficinas de representaci\u00f3n en Estados Unidos, Holanda, Jap\u00f3n y China, mercados claves para el caf\u00e9 colombiano.\" \/>\n<meta property=\"og:url\" content=\"https:\/\/federaciondecafeteros.org\/wp\/federacion\/donde-estamos\/\" \/>\n<meta property=\"og:site_name\" content=\"Federaci\u00f3n Nacional de Cafeteros\" \/>\n<meta property=\"article:publisher\" content=\"https:\/\/www.facebook.com\/fedecafeteros\" \/>\n<meta property=\"article:modified_time\" content=\"2020-01-30T21:36:17+00:00\" \/>\n<meta property=\"og:image\" content=\"https:\/\/federaciondecafeteros.org\/app\/uploads\/2019\/10\/tierra2.gif\" \/>\n\t<meta property=\"og:image:width\" content=\"250\" \/>\n\t<meta property=\"og:image:height\" content=\"250\" \/>\n\t<meta property=\"og:image:type\" content=\"image\/gif\" \/>\n<meta name=\"twitter:card\" content=\"summary_large_image\" \/>\n<meta name=\"twitter:site\" content=\"@FedeCafeteros\" \/>\n<script type=\"application\/ld+json\" class=\"yoast-schema-graph\">{\"@context\":\"https:\/\/schema.org\",\"@graph\":[{\"@type\":\"WebPage\",\"@id\":\"https:\/\/federaciondecafeteros.org\/wp\/federacion\/donde-estamos\/\",\"url\":\"https:\/\/federaciondecafeteros.org\/wp\/federacion\/donde-estamos\/\",\"name\":\"D\u00f3nde estamos - Federaci\u00f3n Nacional de Cafeteros\",\"isPartOf\":{\"@id\":\"https:\/\/federaciondecafeteros.org\/wp\/#website\"},\"datePublished\":\"2019-10-03T21:01:54+00:00\",\"dateModified\":\"2020-01-30T21:36:17+00:00\",\"breadcrumb\":{\"@id\":\"https:\/\/federaciondecafeteros.org\/wp\/federacion\/donde-estamos\/#breadcrumb\"},\"inLanguage\":\"es\",\"potentialAction\":[{\"@type\":\"ReadAction\",\"target\":[\"https:\/\/federaciondecafeteros.org\/wp\/federacion\/donde-estamos\/\"]}]},{\"@type\":\"BreadcrumbList\",\"@id\":\"https:\/\/federaciondecafeteros.org\/wp\/federacion\/donde-estamos\/#breadcrumb\",\"itemListElement\":[{\"@type\":\"ListItem\",\"position\":1,\"name\":\"Home\",\"item\":\"https:\/\/federaciondecafeteros.org\/wp\/\"},{\"@type\":\"ListItem\",\"position\":2,\"name\":\"Federaci\u00f3n\",\"item\":\"https:\/\/federaciondecafeteros.org\/wp\/federacion\/\"},{\"@type\":\"ListItem\",\"position\":3,\"name\":\"D\u00f3nde estamos\"}]},{\"@type\":\"WebSite\",\"@id\":\"https:\/\/federaciondecafeteros.org\/wp\/#website\",\"url\":\"https:\/\/federaciondecafeteros.org\/wp\/\",\"name\":\"Federaci\u00f3n Nacional de Cafeteros\",\"description\":\"Sitio de la Federaci\u00f3n Nacional de Cafeteros\",\"potentialAction\":[{\"@type\":\"SearchAction\",\"target\":{\"@type\":\"EntryPoint\",\"urlTemplate\":\"https:\/\/federaciondecafeteros.org\/wp\/?s={search_term_string}\"},\"query-input\":\"required name=search_term_string\"}],\"inLanguage\":\"es\"}]}<\/script>\n<!-- \/ Yoast SEO plugin. -->","yoast_head_json":{"title":"D\u00f3nde estamos - Federaci\u00f3n Nacional de Cafeteros","robots":{"index":"index","follow":"follow","max-snippet":"max-snippet:-1","max-image-preview":"max-image-preview:large","max-video-preview":"max-video-preview:-1"},"canonical":"https:\/\/federaciondecafeteros.org\/wp\/federacion\/donde-estamos\/","og_locale":"es_ES","og_type":"article","og_title":"D\u00f3nde estamos - Federaci\u00f3n Nacional de Cafeteros","og_description":"Contamos con comit\u00e9s departamentales y municipales en todas las zonas rurales del pa\u00eds donde se produce caf\u00e9. Nuestra sede principal se encuentra en Bogot\u00e1 D.C. y tenemos oficinas de representaci\u00f3n en Estados Unidos, Holanda, Jap\u00f3n y China, mercados claves para el caf\u00e9 colombiano.","og_url":"https:\/\/federaciondecafeteros.org\/wp\/federacion\/donde-estamos\/","og_site_name":"Federaci\u00f3n Nacional de Cafeteros","article_publisher":"https:\/\/www.facebook.com\/fedecafeteros","article_modified_time":"2020-01-30T21:36:17+00:00","og_image":[{"width":250,"height":250,"url":"https:\/\/federaciondecafeteros.org\/app\/uploads\/2019\/10\/tierra2.gif","type":"image\/gif"}],"twitter_card":"summary_large_image","twitter_site":"@FedeCafeteros","schema":{"@context":"https:\/\/schema.org","@graph":[{"@type":"WebPage","@id":"https:\/\/federaciondecafeteros.org\/wp\/federacion\/donde-estamos\/","url":"https:\/\/federaciondecafeteros.org\/wp\/federacion\/donde-estamos\/","name":"D\u00f3nde estamos - Federaci\u00f3n Nacional de Cafeteros","isPartOf":{"@id":"https:\/\/federaciondecafeteros.org\/wp\/#website"},"datePublished":"2019-10-03T21:01:54+00:00","dateModified":"2020-01-30T21:36:17+00:00","breadcrumb":{"@id":"https:\/\/federaciondecafeteros.org\/wp\/federacion\/donde-estamos\/#breadcrumb"},"inLanguage":"es","potentialAction":[{"@type":"ReadAction","target":["https:\/\/federaciondecafeteros.org\/wp\/federacion\/donde-estamos\/"]}]},{"@type":"BreadcrumbList","@id":"https:\/\/federaciondecafeteros.org\/wp\/federacion\/donde-estamos\/#breadcrumb","itemListElement":[{"@type":"ListItem","position":1,"name":"Home","item":"https:\/\/federaciondecafeteros.org\/wp\/"},{"@type":"ListItem","position":2,"name":"Federaci\u00f3n","item":"https:\/\/federaciondecafeteros.org\/wp\/federacion\/"},{"@type":"ListItem","position":3,"name":"D\u00f3nde estamos"}]},{"@type":"WebSite","@id":"https:\/\/federaciondecafeteros.org\/wp\/#website","url":"https:\/\/federaciondecafeteros.org\/wp\/","name":"Federaci\u00f3n Nacional de Cafeteros","description":"Sitio de la Federaci\u00f3n Nacional de Cafeteros","potentialAction":[{"@type":"SearchAction","target":{"@type":"EntryPoint","urlTemplate":"https:\/\/federaciondecafeteros.org\/wp\/?s={search_term_string}"},"query-input":"required name=search_term_string"}],"inLanguage":"es"}]}},"_links":{"self":[{"href":"https:\/\/federaciondecafeteros.org\/wp\/wp-json\/wp\/v2\/pages\/116"}],"collection":[{"href":"https:\/\/federaciondecafeteros.org\/wp\/wp-json\/wp\/v2\/pages"}],"about":[{"href":"https:\/\/federaciondecafeteros.org\/wp\/wp-json\/wp\/v2\/types\/page"}],"author":[{"embeddable":true,"href":"https:\/\/federaciondecafeteros.org\/wp\/wp-json\/wp\/v2\/users\/1"}],"replies":[{"embeddable":true,"href":"https:\/\/federaciondecafeteros.org\/wp\/wp-json\/wp\/v2\/comments?post=116"}],"version-history":[{"count":4,"href":"https:\/\/federaciondecafeteros.org\/wp\/wp-json\/wp\/v2\/pages\/116\/revisions"}],"predecessor-version":[{"id":1759,"href":"https:\/\/federaciondecafeteros.org\/wp\/wp-json\/wp\/v2\/pages\/116\/revisions\/1759"}],"up":[{"embeddable":true,"href":"https:\/\/federaciondecafeteros.org\/wp\/wp-json\/wp\/v2\/pages\/68"}],"wp:featuredmedia":[{"embeddable":true,"href":"https:\/\/federaciondecafeteros.org\/wp\/wp-json\/wp\/v2\/media\/1647"}],"wp:attachment":[{"href":"https:\/\/federaciondecafeteros.org\/wp\/wp-json\/wp\/v2\/media?parent=116"}],"curies":[{"name":"wp","href":"https:\/\/api.w.org\/{rel}","templated":true}]}}