{"id":14114,"date":"2020-08-28T07:59:51","date_gmt":"2020-08-28T12:59:51","guid":{"rendered":"https:\/\/federaciondecafeteros.org\/wp\/?page_id=14114"},"modified":"2021-09-07T08:43:26","modified_gmt":"2021-09-07T13:43:26","slug":"linea-etica","status":"publish","type":"page","link":"https:\/\/federaciondecafeteros.org\/wp\/linea-etica\/","title":{"rendered":"L\u00ednea \u00c9tica"},"content":{"rendered":"\t\t<div data-elementor-type=\"wp-page\" data-elementor-id=\"14114\" class=\"elementor elementor-14114\" data-elementor-settings=\"{&quot;premium_particles_zindex&quot;:0,&quot;premium_particles_responsive&quot;:[&quot;desktop&quot;,&quot;tablet&quot;,&quot;mobile&quot;]}\" data-elementor-post-type=\"page\">\n\t\t\t\t\t\t<section class=\"elementor-section elementor-top-section elementor-element elementor-element-5fb8d52 elementor-section-boxed elementor-section-height-default elementor-section-height-default\" data-id=\"5fb8d52\" data-element_type=\"section\" data-settings=\"{&quot;premium_particles_zindex&quot;:0,&quot;premium_particles_responsive&quot;:[&quot;desktop&quot;,&quot;tablet&quot;,&quot;mobile&quot;]}\">\n\t\t\t\t\t\t<div class=\"elementor-container elementor-column-gap-default\">\n\t\t\t\t\t<div class=\"elementor-column elementor-col-100 elementor-top-column elementor-element elementor-element-e689a34\" data-id=\"e689a34\" data-element_type=\"column\" data-settings=\"{&quot;premium_particles_zindex&quot;:0,&quot;premium_particles_responsive&quot;:[&quot;desktop&quot;,&quot;tablet&quot;,&quot;mobile&quot;]}\">\n\t\t\t<div class=\"elementor-widget-wrap elementor-element-populated\">\n\t\t\t\t\t\t<div class=\"elementor-element elementor-element-b58f044 elementor-widget elementor-widget-text-editor\" data-id=\"b58f044\" data-element_type=\"widget\" data-widget_type=\"text-editor.default\">\n\t\t\t\t<div class=\"elementor-widget-container\">\n\t\t\t\t\t\t\t<h4 class=\"style1\"><strong>\u00bfQu\u00e9 es la L\u00ednea \u00c9tica?<\/strong><\/h4><p><span style=\"color: #000000\"><br \/>La Federaci\u00f3n Nacional de Cafeteros, acorde con su C\u00f3digo de \u00c9tica y Buen Gobierno Corporativo, dispone mecanismos de atenci\u00f3n especiales, como este formulario en l\u00ednea, para que cualquier persona pueda comunicar comportamientos ilegales o anti\u00e9ticos, o que puedan contravenir la cultura de administraci\u00f3n de riesgos y controles.<\/span><\/p><p><span style=\"color: #000000\">Usted podr\u00e1 decidir si desea hacer llegar su denuncia al Equipo de Soporte \u00c9tico de la FNC, conformado por personas id\u00f3neas para analizar la informaci\u00f3n recibida o si desea enviarla a la Gerencia General, quien guardar\u00e1 la reserva de la identidad del informante, si as\u00ed es solicitado.<\/span><\/p><p><span style=\"color: #000000\">En los siguientes espacios diligencie con el mayor detalle posible los aspectos que se preguntan. Le recordamos que en la medida que se aporten m\u00e1s elementos, facilitar\u00e1 la revisi\u00f3n de la situaci\u00f3n que reporta.<\/span><\/p>\t\t\t\t\t\t<\/div>\n\t\t\t\t<\/div>\n\t\t\t\t\t<\/div>\n\t\t<\/div>\n\t\t\t\t\t<\/div>\n\t\t<\/section>\n\t\t\t\t<section class=\"elementor-section elementor-top-section elementor-element elementor-element-7c4d098 elementor-section-boxed elementor-section-height-default elementor-section-height-default\" data-id=\"7c4d098\" data-element_type=\"section\" data-settings=\"{&quot;premium_particles_zindex&quot;:0,&quot;premium_particles_responsive&quot;:[&quot;desktop&quot;,&quot;tablet&quot;,&quot;mobile&quot;]}\">\n\t\t\t\t\t\t<div class=\"elementor-container elementor-column-gap-default\">\n\t\t\t\t\t<div class=\"elementor-column elementor-col-25 elementor-top-column elementor-element elementor-element-c0b060b\" data-id=\"c0b060b\" data-element_type=\"column\" data-settings=\"{&quot;premium_particles_zindex&quot;:0,&quot;premium_particles_responsive&quot;:[&quot;desktop&quot;,&quot;tablet&quot;,&quot;mobile&quot;]}\">\n\t\t\t<div class=\"elementor-widget-wrap\">\n\t\t\t\t\t\t\t<\/div>\n\t\t<\/div>\n\t\t\t\t<div class=\"elementor-column elementor-col-50 elementor-top-column elementor-element elementor-element-3964430\" data-id=\"3964430\" data-element_type=\"column\" data-settings=\"{&quot;premium_particles_zindex&quot;:0,&quot;premium_particles_responsive&quot;:[&quot;desktop&quot;,&quot;tablet&quot;,&quot;mobile&quot;]}\">\n\t\t\t<div class=\"elementor-widget-wrap elementor-element-populated\">\n\t\t\t\t\t\t<div class=\"elementor-element elementor-element-5dc58e8 premium-cf7-button-fwidth-yes elementor-widget elementor-widget-premium-contact-form\" data-id=\"5dc58e8\" data-element_type=\"widget\" data-widget_type=\"premium-contact-form.default\">\n\t\t\t\t<div class=\"elementor-widget-container\">\n\t\t\t\r\n\t\t\t\r\n\t\t\t<div class=\"premium-cf7-container\">\r\n\t\t\t\t\n<div class=\"wpcf7 no-js\" id=\"wpcf7-f14113-o1\" lang=\"es-ES\" dir=\"ltr\">\n<div class=\"screen-reader-response\"><p role=\"status\" aria-live=\"polite\" aria-atomic=\"true\"><\/p> <ul><\/ul><\/div>\n<form action=\"\/wp\/wp-json\/wp\/v2\/pages\/14114#wpcf7-f14113-o1\" method=\"post\" class=\"wpcf7-form init\" aria-label=\"Contact form\" enctype=\"multipart\/form-data\" novalidate=\"novalidate\" data-status=\"init\">\n<div style=\"display: none;\">\n<input type=\"hidden\" name=\"_wpcf7\" value=\"14113\" \/>\n<input type=\"hidden\" name=\"_wpcf7_version\" value=\"5.8.7\" \/>\n<input type=\"hidden\" name=\"_wpcf7_locale\" value=\"es_ES\" \/>\n<input type=\"hidden\" name=\"_wpcf7_unit_tag\" value=\"wpcf7-f14113-o1\" \/>\n<input type=\"hidden\" name=\"_wpcf7_container_post\" value=\"0\" \/>\n<input type=\"hidden\" name=\"_wpcf7_posted_data_hash\" value=\"\" \/>\n<input type=\"hidden\" name=\"_wpcf7cf_hidden_group_fields\" value=\"[]\" \/>\n<input type=\"hidden\" name=\"_wpcf7cf_hidden_groups\" value=\"[]\" \/>\n<input type=\"hidden\" name=\"_wpcf7cf_visible_groups\" value=\"[]\" \/>\n<input type=\"hidden\" name=\"_wpcf7cf_repeaters\" value=\"[]\" \/>\n<input type=\"hidden\" name=\"_wpcf7cf_steps\" value=\"{}\" \/>\n<input type=\"hidden\" name=\"_wpcf7cf_options\" value=\"{&quot;form_id&quot;:14113,&quot;conditions&quot;:[{&quot;and_rules&quot;:[{&quot;if_field&quot;:&quot;&quot;,&quot;operator&quot;:&quot;equals&quot;,&quot;if_value&quot;:&quot;Tratamiento de datos&quot;}]},{&quot;and_rules&quot;:[{&quot;if_field&quot;:&quot;&quot;,&quot;operator&quot;:&quot;not equals&quot;,&quot;if_value&quot;:&quot;Derecho de petici\\u00f3n&quot;}]},{&quot;and_rules&quot;:[{&quot;if_field&quot;:&quot;&quot;,&quot;operator&quot;:&quot;equals&quot;,&quot;if_value&quot;:&quot;Derecho de petici\\u00f3n&quot;}]}],&quot;settings&quot;:{&quot;animation&quot;:&quot;yes&quot;,&quot;animation_intime&quot;:200,&quot;animation_outtime&quot;:200,&quot;conditions_ui&quot;:&quot;normal&quot;,&quot;notice_dismissed&quot;:false}}\" \/>\n<input type=\"hidden\" name=\"_wpcf7_recaptcha_response\" value=\"\" \/>\n<\/div>\n<div class=\"form-row\">\n\t<div class=\"col-12\">\n\t\t<p><label>\u00bfQu\u00e9 situaci\u00f3n desea reportar?<\/label>\n\t\t<\/p>\n\t\t<div class=\"form-group\">\n\t\t\t<p><span class=\"wpcf7-form-control-wrap\" data-name=\"le-pregunta-1\"><textarea cols=\"40\" rows=\"10\" class=\"wpcf7-form-control wpcf7-textarea wpcf7-validates-as-required form-control\" aria-required=\"true\" aria-invalid=\"false\" name=\"le-pregunta-1\"><\/textarea><\/span>\n\t\t\t<\/p>\n\t\t<\/div>\n\t<\/div>\n\t<div class=\"col-12\">\n\t\t<p><label>\u00bfCu\u00e1ndo ocurrieron los hechos que est\u00e1 reportando?<\/label>\n\t\t<\/p>\n\t\t<div class=\"form-group\">\n\t\t\t<p><span class=\"wpcf7-form-control-wrap\" data-name=\"le-pregunta-2\"><textarea cols=\"40\" rows=\"10\" class=\"wpcf7-form-control wpcf7-textarea wpcf7-validates-as-required form-control\" aria-required=\"true\" aria-invalid=\"false\" name=\"le-pregunta-2\"><\/textarea><\/span>\n\t\t\t<\/p>\n\t\t<\/div>\n\t<\/div>\n\t<div class=\"col-12\">\n\t\t<p><label>\u00bfQui\u00e9n est\u00e1 involucrado en los hechos que est\u00e1 reportando?<\/label>\n\t\t<\/p>\n\t\t<div class=\"form-group\">\n\t\t\t<p><span class=\"wpcf7-form-control-wrap\" data-name=\"le-pregunta-3\"><textarea cols=\"40\" rows=\"10\" class=\"wpcf7-form-control wpcf7-textarea wpcf7-validates-as-required form-control\" aria-required=\"true\" aria-invalid=\"false\" name=\"le-pregunta-3\"><\/textarea><\/span>\n\t\t\t<\/p>\n\t\t<\/div>\n\t<\/div>\n\t<div class=\"col-12\">\n\t\t<p><label>\u00bfD\u00f3nde ocurrieron los hechos que est\u00e1 reportando?<\/label>\n\t\t<\/p>\n\t\t<div class=\"form-group\">\n\t\t\t<p><span class=\"wpcf7-form-control-wrap\" data-name=\"le-pregunta-4\"><textarea cols=\"40\" rows=\"10\" class=\"wpcf7-form-control wpcf7-textarea wpcf7-validates-as-required form-control\" aria-required=\"true\" aria-invalid=\"false\" name=\"le-pregunta-4\"><\/textarea><\/span>\n\t\t\t<\/p>\n\t\t<\/div>\n\t<\/div>\n\t<div class=\"col-12\">\n\t\t<p><label>\u00bfHay alg\u00fan testigo o persona que pueda corroborar los hechos que est\u00e1 reportando?<\/label>\n\t\t<\/p>\n\t\t<div class=\"form-group\">\n\t\t\t<p><span class=\"wpcf7-form-control-wrap\" data-name=\"le-pregunta-5\"><textarea cols=\"40\" rows=\"10\" class=\"wpcf7-form-control wpcf7-textarea wpcf7-validates-as-required form-control\" aria-required=\"true\" aria-invalid=\"false\" name=\"le-pregunta-5\"><\/textarea><\/span>\n\t\t\t<\/p>\n\t\t<\/div>\n\t<\/div>\n\t<div class=\"col-12\">\n\t\t<p><label>El siguiente campo es estrictamente opcional. El servicio de L\u00ednea \u00c9tica es un mecanismo dise\u00f1ado para proteger su identidad. No obstante, en caso de que sea necesario complementar la informaci\u00f3n que est\u00e1 reportando, \u00bfen qu\u00e9 dato de contacto se le puede localizar?<\/label>\n\t\t<\/p>\n\t\t<div class=\"form-group\">\n\t\t\t<p><span class=\"wpcf7-form-control-wrap\" data-name=\"le-pregunta-6\"><textarea cols=\"40\" rows=\"10\" class=\"wpcf7-form-control wpcf7-textarea form-control\" aria-invalid=\"false\" name=\"le-pregunta-6\"><\/textarea><\/span>\n\t\t\t<\/p>\n\t\t<\/div>\n\t<\/div>\n\t<div class=\"col-12\">\n\t\t<p><label>Elija el correo al que va dirigido<\/label>\n\t\t<\/p>\n\t\t<div class=\"form-group\">\n\t\t\t<p><span class=\"wpcf7-form-control-wrap\" data-name=\"your-recipient\"><select class=\"wpcf7-form-control wpcf7-select wpcf7-validates-as-required\" aria-required=\"true\" aria-invalid=\"false\" name=\"your-recipient\"><option value=\"Buz\u00f3n \u00c9tica\">Buz\u00f3n \u00c9tica<\/option><option value=\"Buz\u00f3n \u00c9tica Gerente\">Buz\u00f3n \u00c9tica Gerente<\/option><\/select><\/span>\n\t\t\t<\/p>\n\t\t<\/div>\n\t<\/div>\n\t<div class=\"col-12\">\n\t\t<p><label>En el caso de tener pruebas puede adjuntarlas aqu\u00ed:<\/label>\n\t\t<\/p>\n\t\t<div class=\"form-group\">\n\t\t\t<p><span class=\"wpcf7-form-control-wrap\" data-name=\"adjunto-1\"><input size=\"40\" class=\"wpcf7-form-control wpcf7-file\" accept=\".pdf\" aria-invalid=\"false\" type=\"file\" name=\"adjunto-1\" \/><\/span>\n\t\t\t<\/p>\n\t\t<\/div>\n\t<\/div>\n<\/div>\n<div class=\"form-row\">\n\t<div class=\"col-12\">\n\t\t<p><input class=\"wpcf7-form-control wpcf7-submit has-spinner btn btn-type-2 btn-block\" type=\"submit\" value=\"Enviar\" \/>\n\t\t<\/p>\n\t<\/div>\n<\/div><div class=\"wpcf7-response-output\" aria-hidden=\"true\"><\/div>\n<\/form>\n<\/div>\n\t\t\t<\/div>\r\n\r\n\t\t\t\t\t<\/div>\n\t\t\t\t<\/div>\n\t\t\t\t\t<\/div>\n\t\t<\/div>\n\t\t\t\t<div class=\"elementor-column elementor-col-25 elementor-top-column elementor-element elementor-element-aa3572a\" data-id=\"aa3572a\" data-element_type=\"column\" data-settings=\"{&quot;premium_particles_zindex&quot;:0,&quot;premium_particles_responsive&quot;:[&quot;desktop&quot;,&quot;tablet&quot;,&quot;mobile&quot;]}\">\n\t\t\t<div class=\"elementor-widget-wrap\">\n\t\t\t\t\t\t\t<\/div>\n\t\t<\/div>\n\t\t\t\t\t<\/div>\n\t\t<\/section>\n\t\t\t\t<\/div>\n\t\t","protected":false},"excerpt":{"rendered":"<p>\u00bfQu\u00e9 es la L\u00ednea \u00c9tica? La Federaci\u00f3n Nacional de Cafeteros, acorde con su C\u00f3digo de \u00c9tica y Buen Gobierno Corporativo, dispone mecanismos de atenci\u00f3n especiales, como este formulario en l\u00ednea, para que cualquier persona pueda comunicar comportamientos ilegales o anti\u00e9ticos, o que puedan contravenir la cultura de administraci\u00f3n de riesgos y controles. Usted podr\u00e1 decidir [&hellip;]<\/p>\n","protected":false},"author":1,"featured_media":124,"parent":0,"menu_order":0,"comment_status":"closed","ping_status":"closed","template":"","meta":{"_monsterinsights_skip_tracking":false,"_monsterinsights_sitenote_active":false,"_monsterinsights_sitenote_note":"","_monsterinsights_sitenote_category":0,"footnotes":""},"yoast_head":"<!-- This site is optimized with the Yoast SEO plugin v22.0 - https:\/\/yoast.com\/wordpress\/plugins\/seo\/ -->\n<title>L\u00ednea \u00c9tica - Federaci\u00f3n Nacional de Cafeteros<\/title>\n<meta name=\"robots\" content=\"index, follow, max-snippet:-1, max-image-preview:large, max-video-preview:-1\" \/>\n<link rel=\"canonical\" href=\"https:\/\/federaciondecafeteros.org\/wp\/linea-etica\/\" \/>\n<meta property=\"og:locale\" content=\"es_ES\" \/>\n<meta property=\"og:type\" content=\"article\" \/>\n<meta property=\"og:title\" content=\"L\u00ednea \u00c9tica - Federaci\u00f3n Nacional de Cafeteros\" \/>\n<meta property=\"og:description\" content=\"\u00bfQu\u00e9 es la L\u00ednea \u00c9tica? La Federaci\u00f3n Nacional de Cafeteros, acorde con su C\u00f3digo de \u00c9tica y Buen Gobierno Corporativo, dispone mecanismos de atenci\u00f3n especiales, como este formulario en l\u00ednea, para que cualquier persona pueda comunicar comportamientos ilegales o anti\u00e9ticos, o que puedan contravenir la cultura de administraci\u00f3n de riesgos y controles. Usted podr\u00e1 decidir [&hellip;]\" \/>\n<meta property=\"og:url\" content=\"https:\/\/federaciondecafeteros.org\/wp\/linea-etica\/\" \/>\n<meta property=\"og:site_name\" content=\"Federaci\u00f3n Nacional de Cafeteros\" \/>\n<meta property=\"article:publisher\" content=\"https:\/\/www.facebook.com\/fedecafeteros\" \/>\n<meta property=\"article:modified_time\" content=\"2021-09-07T13:43:26+00:00\" \/>\n<meta property=\"og:image\" content=\"https:\/\/federaciondecafeteros.org\/app\/uploads\/2019\/09\/Agrocaf\u00e9-foto.jpg\" \/>\n\t<meta property=\"og:image:width\" content=\"2500\" \/>\n\t<meta property=\"og:image:height\" content=\"1667\" \/>\n\t<meta property=\"og:image:type\" content=\"image\/jpeg\" \/>\n<meta name=\"twitter:card\" content=\"summary_large_image\" \/>\n<meta name=\"twitter:site\" content=\"@FedeCafeteros\" \/>\n<meta name=\"twitter:label1\" content=\"Est. reading time\" \/>\n\t<meta name=\"twitter:data1\" content=\"1 minuto\" \/>\n<script type=\"application\/ld+json\" class=\"yoast-schema-graph\">{\"@context\":\"https:\/\/schema.org\",\"@graph\":[{\"@type\":\"WebPage\",\"@id\":\"https:\/\/federaciondecafeteros.org\/wp\/linea-etica\/\",\"url\":\"https:\/\/federaciondecafeteros.org\/wp\/linea-etica\/\",\"name\":\"L\u00ednea \u00c9tica - Federaci\u00f3n Nacional de Cafeteros\",\"isPartOf\":{\"@id\":\"https:\/\/federaciondecafeteros.org\/wp\/#website\"},\"datePublished\":\"2020-08-28T12:59:51+00:00\",\"dateModified\":\"2021-09-07T13:43:26+00:00\",\"breadcrumb\":{\"@id\":\"https:\/\/federaciondecafeteros.org\/wp\/linea-etica\/#breadcrumb\"},\"inLanguage\":\"es\",\"potentialAction\":[{\"@type\":\"ReadAction\",\"target\":[\"https:\/\/federaciondecafeteros.org\/wp\/linea-etica\/\"]}]},{\"@type\":\"BreadcrumbList\",\"@id\":\"https:\/\/federaciondecafeteros.org\/wp\/linea-etica\/#breadcrumb\",\"itemListElement\":[{\"@type\":\"ListItem\",\"position\":1,\"name\":\"Home\",\"item\":\"https:\/\/federaciondecafeteros.org\/wp\/\"},{\"@type\":\"ListItem\",\"position\":2,\"name\":\"L\u00ednea \u00c9tica\"}]},{\"@type\":\"WebSite\",\"@id\":\"https:\/\/federaciondecafeteros.org\/wp\/#website\",\"url\":\"https:\/\/federaciondecafeteros.org\/wp\/\",\"name\":\"Federaci\u00f3n Nacional de Cafeteros\",\"description\":\"Sitio de la Federaci\u00f3n Nacional de Cafeteros\",\"potentialAction\":[{\"@type\":\"SearchAction\",\"target\":{\"@type\":\"EntryPoint\",\"urlTemplate\":\"https:\/\/federaciondecafeteros.org\/wp\/?s={search_term_string}\"},\"query-input\":\"required name=search_term_string\"}],\"inLanguage\":\"es\"}]}<\/script>\n<!-- \/ Yoast SEO plugin. -->","yoast_head_json":{"title":"L\u00ednea \u00c9tica - Federaci\u00f3n Nacional de Cafeteros","robots":{"index":"index","follow":"follow","max-snippet":"max-snippet:-1","max-image-preview":"max-image-preview:large","max-video-preview":"max-video-preview:-1"},"canonical":"https:\/\/federaciondecafeteros.org\/wp\/linea-etica\/","og_locale":"es_ES","og_type":"article","og_title":"L\u00ednea \u00c9tica - Federaci\u00f3n Nacional de Cafeteros","og_description":"\u00bfQu\u00e9 es la L\u00ednea \u00c9tica? La Federaci\u00f3n Nacional de Cafeteros, acorde con su C\u00f3digo de \u00c9tica y Buen Gobierno Corporativo, dispone mecanismos de atenci\u00f3n especiales, como este formulario en l\u00ednea, para que cualquier persona pueda comunicar comportamientos ilegales o anti\u00e9ticos, o que puedan contravenir la cultura de administraci\u00f3n de riesgos y controles. Usted podr\u00e1 decidir [&hellip;]","og_url":"https:\/\/federaciondecafeteros.org\/wp\/linea-etica\/","og_site_name":"Federaci\u00f3n Nacional de Cafeteros","article_publisher":"https:\/\/www.facebook.com\/fedecafeteros","article_modified_time":"2021-09-07T13:43:26+00:00","og_image":[{"width":2500,"height":1667,"url":"https:\/\/federaciondecafeteros.org\/app\/uploads\/2019\/09\/Agrocaf\u00e9-foto.jpg","type":"image\/jpeg"}],"twitter_card":"summary_large_image","twitter_site":"@FedeCafeteros","twitter_misc":{"Est. reading time":"1 minuto"},"schema":{"@context":"https:\/\/schema.org","@graph":[{"@type":"WebPage","@id":"https:\/\/federaciondecafeteros.org\/wp\/linea-etica\/","url":"https:\/\/federaciondecafeteros.org\/wp\/linea-etica\/","name":"L\u00ednea \u00c9tica - Federaci\u00f3n Nacional de Cafeteros","isPartOf":{"@id":"https:\/\/federaciondecafeteros.org\/wp\/#website"},"datePublished":"2020-08-28T12:59:51+00:00","dateModified":"2021-09-07T13:43:26+00:00","breadcrumb":{"@id":"https:\/\/federaciondecafeteros.org\/wp\/linea-etica\/#breadcrumb"},"inLanguage":"es","potentialAction":[{"@type":"ReadAction","target":["https:\/\/federaciondecafeteros.org\/wp\/linea-etica\/"]}]},{"@type":"BreadcrumbList","@id":"https:\/\/federaciondecafeteros.org\/wp\/linea-etica\/#breadcrumb","itemListElement":[{"@type":"ListItem","position":1,"name":"Home","item":"https:\/\/federaciondecafeteros.org\/wp\/"},{"@type":"ListItem","position":2,"name":"L\u00ednea \u00c9tica"}]},{"@type":"WebSite","@id":"https:\/\/federaciondecafeteros.org\/wp\/#website","url":"https:\/\/federaciondecafeteros.org\/wp\/","name":"Federaci\u00f3n Nacional de Cafeteros","description":"Sitio de la Federaci\u00f3n Nacional de Cafeteros","potentialAction":[{"@type":"SearchAction","target":{"@type":"EntryPoint","urlTemplate":"https:\/\/federaciondecafeteros.org\/wp\/?s={search_term_string}"},"query-input":"required name=search_term_string"}],"inLanguage":"es"}]}},"_links":{"self":[{"href":"https:\/\/federaciondecafeteros.org\/wp\/wp-json\/wp\/v2\/pages\/14114"}],"collection":[{"href":"https:\/\/federaciondecafeteros.org\/wp\/wp-json\/wp\/v2\/pages"}],"about":[{"href":"https:\/\/federaciondecafeteros.org\/wp\/wp-json\/wp\/v2\/types\/page"}],"author":[{"embeddable":true,"href":"https:\/\/federaciondecafeteros.org\/wp\/wp-json\/wp\/v2\/users\/1"}],"replies":[{"embeddable":true,"href":"https:\/\/federaciondecafeteros.org\/wp\/wp-json\/wp\/v2\/comments?post=14114"}],"version-history":[{"count":12,"href":"https:\/\/federaciondecafeteros.org\/wp\/wp-json\/wp\/v2\/pages\/14114\/revisions"}],"predecessor-version":[{"id":26163,"href":"https:\/\/federaciondecafeteros.org\/wp\/wp-json\/wp\/v2\/pages\/14114\/revisions\/26163"}],"wp:featuredmedia":[{"embeddable":true,"href":"https:\/\/federaciondecafeteros.org\/wp\/wp-json\/wp\/v2\/media\/124"}],"wp:attachment":[{"href":"https:\/\/federaciondecafeteros.org\/wp\/wp-json\/wp\/v2\/media?parent=14114"}],"curies":[{"name":"wp","href":"https:\/\/api.w.org\/{rel}","templated":true}]}}