{"id":15685,"date":"2020-11-11T17:05:10","date_gmt":"2020-11-11T22:05:10","guid":{"rendered":"https:\/\/federaciondecafeteros.org\/wp\/?page_id=15685"},"modified":"2025-01-22T14:37:07","modified_gmt":"2025-01-22T19:37:07","slug":"integrantes-tribunal-disciplinario-rocio-araujo-onate","status":"publish","type":"page","link":"https:\/\/federaciondecafeteros.org\/wp\/integrantes-tribunal-disciplinario-rocio-araujo-onate\/","title":{"rendered":"Integrantes Tribunal Disciplinario &#8211; Roc\u00edo Araujo O\u00f1ate"},"content":{"rendered":"\t\t<div data-elementor-type=\"wp-page\" data-elementor-id=\"15685\" class=\"elementor elementor-15685\" data-elementor-settings=\"{&quot;premium_particles_zindex&quot;:0,&quot;premium_particles_responsive&quot;:[&quot;desktop&quot;,&quot;tablet&quot;,&quot;mobile&quot;]}\" data-elementor-post-type=\"page\">\n\t\t\t\t\t\t<section class=\"elementor-section elementor-top-section elementor-element elementor-element-5c65a0e elementor-section-boxed elementor-section-height-default elementor-section-height-default\" data-id=\"5c65a0e\" data-element_type=\"section\" data-settings=\"{&quot;premium_particles_zindex&quot;:0,&quot;premium_particles_responsive&quot;:[&quot;desktop&quot;,&quot;tablet&quot;,&quot;mobile&quot;]}\">\n\t\t\t\t\t\t<div class=\"elementor-container elementor-column-gap-default\">\n\t\t\t\t\t<div class=\"elementor-column elementor-col-100 elementor-top-column elementor-element elementor-element-314b679\" data-id=\"314b679\" data-element_type=\"column\" data-settings=\"{&quot;premium_particles_zindex&quot;:0,&quot;premium_particles_responsive&quot;:[&quot;desktop&quot;,&quot;tablet&quot;,&quot;mobile&quot;]}\">\n\t\t\t<div class=\"elementor-widget-wrap elementor-element-populated\">\n\t\t\t\t\t\t<div class=\"elementor-element elementor-element-32a6ccb elementor-widget elementor-widget-heading\" data-id=\"32a6ccb\" data-element_type=\"widget\" data-widget_type=\"heading.default\">\n\t\t\t\t<div class=\"elementor-widget-container\">\n\t\t\t<h2 class=\"elementor-heading-title elementor-size-default\">Roc\u00edo Araujo O\u00f1ate<br>Miembro Suplente<\/h2>\t\t<\/div>\n\t\t\t\t<\/div>\n\t\t\t\t\t<\/div>\n\t\t<\/div>\n\t\t\t\t\t<\/div>\n\t\t<\/section>\n\t\t\t\t<section class=\"elementor-section elementor-top-section elementor-element elementor-element-cb36b65 elementor-section-boxed elementor-section-height-default elementor-section-height-default\" data-id=\"cb36b65\" data-element_type=\"section\" data-settings=\"{&quot;premium_particles_zindex&quot;:0,&quot;premium_particles_responsive&quot;:[&quot;desktop&quot;,&quot;tablet&quot;,&quot;mobile&quot;]}\">\n\t\t\t\t\t\t<div class=\"elementor-container elementor-column-gap-default\">\n\t\t\t\t\t<div class=\"elementor-column elementor-col-33 elementor-top-column elementor-element elementor-element-e1211eb\" data-id=\"e1211eb\" data-element_type=\"column\" data-settings=\"{&quot;premium_particles_zindex&quot;:0,&quot;premium_particles_responsive&quot;:[&quot;desktop&quot;,&quot;tablet&quot;,&quot;mobile&quot;]}\">\n\t\t\t<div class=\"elementor-widget-wrap\">\n\t\t\t\t\t\t\t<\/div>\n\t\t<\/div>\n\t\t\t\t<div class=\"elementor-column elementor-col-33 elementor-top-column elementor-element elementor-element-a803b82\" data-id=\"a803b82\" data-element_type=\"column\" data-settings=\"{&quot;premium_particles_zindex&quot;:0,&quot;premium_particles_responsive&quot;:[&quot;desktop&quot;,&quot;tablet&quot;,&quot;mobile&quot;]}\">\n\t\t\t<div class=\"elementor-widget-wrap elementor-element-populated\">\n\t\t\t\t\t\t<div class=\"elementor-element elementor-element-451215f elementor-widget elementor-widget-image\" data-id=\"451215f\" data-element_type=\"widget\" data-widget_type=\"image.default\">\n\t\t\t\t<div class=\"elementor-widget-container\">\n\t\t\t\t\t\t\t\t\t\t\t\t\t<img fetchpriority=\"high\" decoding=\"async\" width=\"1024\" height=\"457\" src=\"https:\/\/federaciondecafeteros.org\/app\/uploads\/2025\/01\/image-1-1024x457.png\" class=\"attachment-large size-large wp-image-38139\" alt=\"\" srcset=\"https:\/\/federaciondecafeteros.org\/app\/uploads\/2025\/01\/image-1-1024x457.png 1024w, https:\/\/federaciondecafeteros.org\/app\/uploads\/2025\/01\/image-1-300x134.png 300w, https:\/\/federaciondecafeteros.org\/app\/uploads\/2025\/01\/image-1-768x342.png 768w, https:\/\/federaciondecafeteros.org\/app\/uploads\/2025\/01\/image-1-575x256.png 575w, https:\/\/federaciondecafeteros.org\/app\/uploads\/2025\/01\/image-1-767x342.png 767w, https:\/\/federaciondecafeteros.org\/app\/uploads\/2025\/01\/image-1-991x442.png 991w, https:\/\/federaciondecafeteros.org\/app\/uploads\/2025\/01\/image-1.png 1200w\" sizes=\"(max-width: 1024px) 100vw, 1024px\" \/>\t\t\t\t\t\t\t\t\t\t\t\t\t<\/div>\n\t\t\t\t<\/div>\n\t\t\t\t\t<\/div>\n\t\t<\/div>\n\t\t\t\t<div class=\"elementor-column elementor-col-33 elementor-top-column elementor-element elementor-element-5993c2e\" data-id=\"5993c2e\" data-element_type=\"column\" data-settings=\"{&quot;premium_particles_zindex&quot;:0,&quot;premium_particles_responsive&quot;:[&quot;desktop&quot;,&quot;tablet&quot;,&quot;mobile&quot;]}\">\n\t\t\t<div class=\"elementor-widget-wrap\">\n\t\t\t\t\t\t\t<\/div>\n\t\t<\/div>\n\t\t\t\t\t<\/div>\n\t\t<\/section>\n\t\t\t\t<section class=\"elementor-section elementor-top-section elementor-element elementor-element-85f1188 elementor-section-boxed elementor-section-height-default elementor-section-height-default\" data-id=\"85f1188\" data-element_type=\"section\" data-settings=\"{&quot;premium_particles_zindex&quot;:0,&quot;premium_particles_responsive&quot;:[&quot;desktop&quot;,&quot;tablet&quot;,&quot;mobile&quot;]}\">\n\t\t\t\t\t\t<div class=\"elementor-container elementor-column-gap-default\">\n\t\t\t\t\t<div class=\"elementor-column elementor-col-100 elementor-top-column elementor-element elementor-element-6923bb0\" data-id=\"6923bb0\" data-element_type=\"column\" data-settings=\"{&quot;premium_particles_zindex&quot;:0,&quot;premium_particles_responsive&quot;:[&quot;desktop&quot;,&quot;tablet&quot;,&quot;mobile&quot;]}\">\n\t\t\t<div class=\"elementor-widget-wrap elementor-element-populated\">\n\t\t\t\t\t\t<div class=\"elementor-element elementor-element-7d730b2 elementor-widget elementor-widget-text-editor\" data-id=\"7d730b2\" data-element_type=\"widget\" data-widget_type=\"text-editor.default\">\n\t\t\t\t<div class=\"elementor-widget-container\">\n\t\t\t\t\t\t\t<p><span style=\"text-decoration: underline;\"><strong>Perfil<\/strong><\/span><\/p><ul><li>Candidata a Doctora en Derecho.<\/li><li>Vicerrectora de la Universidad del Rosario.<\/li><li>Exmagistrada Consejo de Estado &#8211; Secci\u00f3n Quinta.<\/li><li>Maestra en Ciencias Administrativas, Maestr\u00eda en Ciencias Jur\u00eddicas, DEA en Derecho Procesal P\u00fablico, Especialista en Derecho Administrativo.<\/li><li>Abogada de la Universidad del Rosario.<\/li><li>Secretaria T\u00e9cnica del Consejo Electoral Andino.<\/li><li>Asesora de la Registradur\u00eda Nacional del Estado Civil.<\/li><li>Asesora para la redacci\u00f3n del nuevo C\u00f3digo Electoral.<\/li><li>Asesora externa para asuntos electorales del Ministro del Interior y del Derecho.<\/li><li>Asesora Presidencia de la Rep\u00fablica.<\/li><li>Directora en Contralor\u00eda Distrital de Bogot\u00e1.<\/li><\/ul>\t\t\t\t\t\t<\/div>\n\t\t\t\t<\/div>\n\t\t\t\t\t<\/div>\n\t\t<\/div>\n\t\t\t\t\t<\/div>\n\t\t<\/section>\n\t\t\t\t<section class=\"elementor-section elementor-top-section elementor-element elementor-element-098ad55 elementor-section-boxed elementor-section-height-default elementor-section-height-default\" data-id=\"098ad55\" data-element_type=\"section\" data-settings=\"{&quot;premium_particles_zindex&quot;:0,&quot;premium_particles_responsive&quot;:[&quot;desktop&quot;,&quot;tablet&quot;,&quot;mobile&quot;]}\">\n\t\t\t\t\t\t<div class=\"elementor-container elementor-column-gap-default\">\n\t\t\t\t\t<div class=\"elementor-column elementor-col-20 elementor-top-column elementor-element elementor-element-1f57568\" data-id=\"1f57568\" data-element_type=\"column\" data-settings=\"{&quot;premium_particles_zindex&quot;:0,&quot;premium_particles_responsive&quot;:[&quot;desktop&quot;,&quot;tablet&quot;,&quot;mobile&quot;]}\">\n\t\t\t<div class=\"elementor-widget-wrap\">\n\t\t\t\t\t\t\t<\/div>\n\t\t<\/div>\n\t\t\t\t<div class=\"elementor-column elementor-col-20 elementor-top-column elementor-element elementor-element-e481f5e\" data-id=\"e481f5e\" data-element_type=\"column\" data-settings=\"{&quot;premium_particles_zindex&quot;:0,&quot;premium_particles_responsive&quot;:[&quot;desktop&quot;,&quot;tablet&quot;,&quot;mobile&quot;]}\">\n\t\t\t<div class=\"elementor-widget-wrap\">\n\t\t\t\t\t\t\t<\/div>\n\t\t<\/div>\n\t\t\t\t<div class=\"elementor-column elementor-col-20 elementor-top-column elementor-element elementor-element-cc030e6\" data-id=\"cc030e6\" data-element_type=\"column\" data-settings=\"{&quot;premium_particles_zindex&quot;:0,&quot;premium_particles_responsive&quot;:[&quot;desktop&quot;,&quot;tablet&quot;,&quot;mobile&quot;]}\">\n\t\t\t<div class=\"elementor-widget-wrap elementor-element-populated\">\n\t\t\t\t\t\t<div class=\"elementor-element elementor-element-4f2c48a elementor-widget elementor-widget-html\" data-id=\"4f2c48a\" data-element_type=\"widget\" data-widget_type=\"html.default\">\n\t\t\t\t<div class=\"elementor-widget-container\">\n\t\t\t<a href=\"https:\/\/federaciondecafeteros.org\/wp\/integrantes-tribunal-disciplinario\/\" class=\"btn btn-type-2\"><span>Volver<\/span><\/a>\t\t<\/div>\n\t\t\t\t<\/div>\n\t\t\t\t\t<\/div>\n\t\t<\/div>\n\t\t\t\t<div class=\"elementor-column elementor-col-20 elementor-top-column elementor-element elementor-element-d934dde\" data-id=\"d934dde\" data-element_type=\"column\" data-settings=\"{&quot;premium_particles_zindex&quot;:0,&quot;premium_particles_responsive&quot;:[&quot;desktop&quot;,&quot;tablet&quot;,&quot;mobile&quot;]}\">\n\t\t\t<div class=\"elementor-widget-wrap\">\n\t\t\t\t\t\t\t<\/div>\n\t\t<\/div>\n\t\t\t\t<div class=\"elementor-column elementor-col-20 elementor-top-column elementor-element elementor-element-16bde80\" data-id=\"16bde80\" data-element_type=\"column\" data-settings=\"{&quot;premium_particles_zindex&quot;:0,&quot;premium_particles_responsive&quot;:[&quot;desktop&quot;,&quot;tablet&quot;,&quot;mobile&quot;]}\">\n\t\t\t<div class=\"elementor-widget-wrap\">\n\t\t\t\t\t\t\t<\/div>\n\t\t<\/div>\n\t\t\t\t\t<\/div>\n\t\t<\/section>\n\t\t\t\t<\/div>\n\t\t","protected":false},"excerpt":{"rendered":"<p>Roc\u00edo Araujo O\u00f1ate Miembro Suplente Perfil Candidata a Doctora en Derecho. Vicerrectora de la Universidad del Rosario. Exmagistrada Consejo de Estado &#8211; Secci\u00f3n Quinta. Maestra en Ciencias Administrativas, Maestr\u00eda en Ciencias Jur\u00eddicas, DEA en Derecho Procesal P\u00fablico, Especialista en Derecho Administrativo. Abogada de la Universidad del Rosario. Secretaria T\u00e9cnica del Consejo Electoral Andino. Asesora de [&hellip;]<\/p>\n","protected":false},"author":1,"featured_media":15579,"parent":0,"menu_order":0,"comment_status":"closed","ping_status":"closed","template":"","meta":{"_monsterinsights_skip_tracking":false,"_monsterinsights_sitenote_active":false,"_monsterinsights_sitenote_note":"","_monsterinsights_sitenote_category":0,"footnotes":""},"yoast_head":"<!-- This site is optimized with the Yoast SEO plugin v22.0 - https:\/\/yoast.com\/wordpress\/plugins\/seo\/ -->\n<title>Integrantes Tribunal Disciplinario - Roc\u00edo Araujo O\u00f1ate - Federaci\u00f3n Nacional de Cafeteros<\/title>\n<meta name=\"robots\" content=\"index, follow, max-snippet:-1, max-image-preview:large, max-video-preview:-1\" \/>\n<link rel=\"canonical\" href=\"https:\/\/federaciondecafeteros.org\/wp\/integrantes-tribunal-disciplinario-rocio-araujo-onate\/\" \/>\n<meta property=\"og:locale\" content=\"es_ES\" \/>\n<meta property=\"og:type\" content=\"article\" \/>\n<meta property=\"og:title\" content=\"Integrantes Tribunal Disciplinario - Roc\u00edo Araujo O\u00f1ate - Federaci\u00f3n Nacional de Cafeteros\" \/>\n<meta property=\"og:description\" content=\"Roc\u00edo Araujo O\u00f1ate Miembro Suplente Perfil Candidata a Doctora en Derecho. Vicerrectora de la Universidad del Rosario. Exmagistrada Consejo de Estado &#8211; Secci\u00f3n Quinta. Maestra en Ciencias Administrativas, Maestr\u00eda en Ciencias Jur\u00eddicas, DEA en Derecho Procesal P\u00fablico, Especialista en Derecho Administrativo. Abogada de la Universidad del Rosario. Secretaria T\u00e9cnica del Consejo Electoral Andino. Asesora de [&hellip;]\" \/>\n<meta property=\"og:url\" content=\"https:\/\/federaciondecafeteros.org\/wp\/integrantes-tribunal-disciplinario-rocio-araujo-onate\/\" \/>\n<meta property=\"og:site_name\" content=\"Federaci\u00f3n Nacional de Cafeteros\" \/>\n<meta property=\"article:publisher\" content=\"https:\/\/www.facebook.com\/fedecafeteros\" \/>\n<meta property=\"article:modified_time\" content=\"2025-01-22T19:37:07+00:00\" \/>\n<meta property=\"og:image\" content=\"https:\/\/federaciondecafeteros.org\/app\/uploads\/2020\/11\/bill-oxford-OXGhu60NwxU-unsplash-scaled.jpg\" \/>\n\t<meta property=\"og:image:width\" content=\"2560\" \/>\n\t<meta property=\"og:image:height\" content=\"1414\" \/>\n\t<meta property=\"og:image:type\" content=\"image\/jpeg\" \/>\n<meta name=\"twitter:card\" content=\"summary_large_image\" \/>\n<meta name=\"twitter:site\" content=\"@FedeCafeteros\" \/>\n<meta name=\"twitter:label1\" content=\"Est. reading time\" \/>\n\t<meta name=\"twitter:data1\" content=\"1 minuto\" \/>\n<script type=\"application\/ld+json\" class=\"yoast-schema-graph\">{\"@context\":\"https:\/\/schema.org\",\"@graph\":[{\"@type\":\"WebPage\",\"@id\":\"https:\/\/federaciondecafeteros.org\/wp\/integrantes-tribunal-disciplinario-rocio-araujo-onate\/\",\"url\":\"https:\/\/federaciondecafeteros.org\/wp\/integrantes-tribunal-disciplinario-rocio-araujo-onate\/\",\"name\":\"Integrantes Tribunal Disciplinario - Roc\u00edo Araujo O\u00f1ate - Federaci\u00f3n Nacional de Cafeteros\",\"isPartOf\":{\"@id\":\"https:\/\/federaciondecafeteros.org\/wp\/#website\"},\"datePublished\":\"2020-11-11T22:05:10+00:00\",\"dateModified\":\"2025-01-22T19:37:07+00:00\",\"breadcrumb\":{\"@id\":\"https:\/\/federaciondecafeteros.org\/wp\/integrantes-tribunal-disciplinario-rocio-araujo-onate\/#breadcrumb\"},\"inLanguage\":\"es\",\"potentialAction\":[{\"@type\":\"ReadAction\",\"target\":[\"https:\/\/federaciondecafeteros.org\/wp\/integrantes-tribunal-disciplinario-rocio-araujo-onate\/\"]}]},{\"@type\":\"BreadcrumbList\",\"@id\":\"https:\/\/federaciondecafeteros.org\/wp\/integrantes-tribunal-disciplinario-rocio-araujo-onate\/#breadcrumb\",\"itemListElement\":[{\"@type\":\"ListItem\",\"position\":1,\"name\":\"Home\",\"item\":\"https:\/\/federaciondecafeteros.org\/wp\/\"},{\"@type\":\"ListItem\",\"position\":2,\"name\":\"Integrantes Tribunal Disciplinario &#8211; Roc\u00edo Araujo O\u00f1ate\"}]},{\"@type\":\"WebSite\",\"@id\":\"https:\/\/federaciondecafeteros.org\/wp\/#website\",\"url\":\"https:\/\/federaciondecafeteros.org\/wp\/\",\"name\":\"Federaci\u00f3n Nacional de Cafeteros\",\"description\":\"Sitio de la Federaci\u00f3n Nacional de Cafeteros\",\"potentialAction\":[{\"@type\":\"SearchAction\",\"target\":{\"@type\":\"EntryPoint\",\"urlTemplate\":\"https:\/\/federaciondecafeteros.org\/wp\/?s={search_term_string}\"},\"query-input\":\"required name=search_term_string\"}],\"inLanguage\":\"es\"}]}<\/script>\n<!-- \/ Yoast SEO plugin. -->","yoast_head_json":{"title":"Integrantes Tribunal Disciplinario - Roc\u00edo Araujo O\u00f1ate - Federaci\u00f3n Nacional de Cafeteros","robots":{"index":"index","follow":"follow","max-snippet":"max-snippet:-1","max-image-preview":"max-image-preview:large","max-video-preview":"max-video-preview:-1"},"canonical":"https:\/\/federaciondecafeteros.org\/wp\/integrantes-tribunal-disciplinario-rocio-araujo-onate\/","og_locale":"es_ES","og_type":"article","og_title":"Integrantes Tribunal Disciplinario - Roc\u00edo Araujo O\u00f1ate - Federaci\u00f3n Nacional de Cafeteros","og_description":"Roc\u00edo Araujo O\u00f1ate Miembro Suplente Perfil Candidata a Doctora en Derecho. Vicerrectora de la Universidad del Rosario. Exmagistrada Consejo de Estado &#8211; Secci\u00f3n Quinta. Maestra en Ciencias Administrativas, Maestr\u00eda en Ciencias Jur\u00eddicas, DEA en Derecho Procesal P\u00fablico, Especialista en Derecho Administrativo. Abogada de la Universidad del Rosario. Secretaria T\u00e9cnica del Consejo Electoral Andino. Asesora de [&hellip;]","og_url":"https:\/\/federaciondecafeteros.org\/wp\/integrantes-tribunal-disciplinario-rocio-araujo-onate\/","og_site_name":"Federaci\u00f3n Nacional de Cafeteros","article_publisher":"https:\/\/www.facebook.com\/fedecafeteros","article_modified_time":"2025-01-22T19:37:07+00:00","og_image":[{"width":2560,"height":1414,"url":"https:\/\/federaciondecafeteros.org\/app\/uploads\/2020\/11\/bill-oxford-OXGhu60NwxU-unsplash-scaled.jpg","type":"image\/jpeg"}],"twitter_card":"summary_large_image","twitter_site":"@FedeCafeteros","twitter_misc":{"Est. reading time":"1 minuto"},"schema":{"@context":"https:\/\/schema.org","@graph":[{"@type":"WebPage","@id":"https:\/\/federaciondecafeteros.org\/wp\/integrantes-tribunal-disciplinario-rocio-araujo-onate\/","url":"https:\/\/federaciondecafeteros.org\/wp\/integrantes-tribunal-disciplinario-rocio-araujo-onate\/","name":"Integrantes Tribunal Disciplinario - Roc\u00edo Araujo O\u00f1ate - Federaci\u00f3n Nacional de Cafeteros","isPartOf":{"@id":"https:\/\/federaciondecafeteros.org\/wp\/#website"},"datePublished":"2020-11-11T22:05:10+00:00","dateModified":"2025-01-22T19:37:07+00:00","breadcrumb":{"@id":"https:\/\/federaciondecafeteros.org\/wp\/integrantes-tribunal-disciplinario-rocio-araujo-onate\/#breadcrumb"},"inLanguage":"es","potentialAction":[{"@type":"ReadAction","target":["https:\/\/federaciondecafeteros.org\/wp\/integrantes-tribunal-disciplinario-rocio-araujo-onate\/"]}]},{"@type":"BreadcrumbList","@id":"https:\/\/federaciondecafeteros.org\/wp\/integrantes-tribunal-disciplinario-rocio-araujo-onate\/#breadcrumb","itemListElement":[{"@type":"ListItem","position":1,"name":"Home","item":"https:\/\/federaciondecafeteros.org\/wp\/"},{"@type":"ListItem","position":2,"name":"Integrantes Tribunal Disciplinario &#8211; Roc\u00edo Araujo O\u00f1ate"}]},{"@type":"WebSite","@id":"https:\/\/federaciondecafeteros.org\/wp\/#website","url":"https:\/\/federaciondecafeteros.org\/wp\/","name":"Federaci\u00f3n Nacional de Cafeteros","description":"Sitio de la Federaci\u00f3n Nacional de Cafeteros","potentialAction":[{"@type":"SearchAction","target":{"@type":"EntryPoint","urlTemplate":"https:\/\/federaciondecafeteros.org\/wp\/?s={search_term_string}"},"query-input":"required name=search_term_string"}],"inLanguage":"es"}]}},"_links":{"self":[{"href":"https:\/\/federaciondecafeteros.org\/wp\/wp-json\/wp\/v2\/pages\/15685"}],"collection":[{"href":"https:\/\/federaciondecafeteros.org\/wp\/wp-json\/wp\/v2\/pages"}],"about":[{"href":"https:\/\/federaciondecafeteros.org\/wp\/wp-json\/wp\/v2\/types\/page"}],"author":[{"embeddable":true,"href":"https:\/\/federaciondecafeteros.org\/wp\/wp-json\/wp\/v2\/users\/1"}],"replies":[{"embeddable":true,"href":"https:\/\/federaciondecafeteros.org\/wp\/wp-json\/wp\/v2\/comments?post=15685"}],"version-history":[{"count":12,"href":"https:\/\/federaciondecafeteros.org\/wp\/wp-json\/wp\/v2\/pages\/15685\/revisions"}],"predecessor-version":[{"id":38169,"href":"https:\/\/federaciondecafeteros.org\/wp\/wp-json\/wp\/v2\/pages\/15685\/revisions\/38169"}],"wp:featuredmedia":[{"embeddable":true,"href":"https:\/\/federaciondecafeteros.org\/wp\/wp-json\/wp\/v2\/media\/15579"}],"wp:attachment":[{"href":"https:\/\/federaciondecafeteros.org\/wp\/wp-json\/wp\/v2\/media?parent=15685"}],"curies":[{"name":"wp","href":"https:\/\/api.w.org\/{rel}","templated":true}]}}