{"id":21350,"date":"2021-12-13T16:49:44","date_gmt":"2021-12-13T21:49:44","guid":{"rendered":"https:\/\/federaciondecafeteros.org\/wp\/?page_id=21350"},"modified":"2025-03-03T11:51:28","modified_gmt":"2025-03-03T16:51:28","slug":"mapa-del-sitio","status":"publish","type":"page","link":"https:\/\/federaciondecafeteros.org\/wp\/mapa-del-sitio\/","title":{"rendered":"Mapa del sitio"},"content":{"rendered":"\t\t<div data-elementor-type=\"wp-page\" data-elementor-id=\"21350\" class=\"elementor elementor-21350\" data-elementor-settings=\"{&quot;premium_particles_zindex&quot;:0,&quot;premium_particles_responsive&quot;:[&quot;desktop&quot;,&quot;tablet&quot;,&quot;mobile&quot;]}\" data-elementor-post-type=\"page\">\n\t\t\t\t\t\t<section class=\"elementor-section elementor-top-section elementor-element elementor-element-b79c8c2 elementor-section-boxed elementor-section-height-default elementor-section-height-default\" data-id=\"b79c8c2\" data-element_type=\"section\" data-settings=\"{&quot;premium_particles_zindex&quot;:0,&quot;premium_particles_responsive&quot;:[&quot;desktop&quot;,&quot;tablet&quot;,&quot;mobile&quot;]}\">\n\t\t\t\t\t\t<div class=\"elementor-container elementor-column-gap-default\">\n\t\t\t\t\t<div class=\"elementor-column elementor-col-50 elementor-top-column elementor-element elementor-element-fce449f\" data-id=\"fce449f\" data-element_type=\"column\" data-settings=\"{&quot;premium_particles_zindex&quot;:0,&quot;premium_particles_responsive&quot;:[&quot;desktop&quot;,&quot;tablet&quot;,&quot;mobile&quot;]}\">\n\t\t\t<div class=\"elementor-widget-wrap elementor-element-populated\">\n\t\t\t\t\t\t<div class=\"elementor-element elementor-element-ab25e33 elementor-widget elementor-widget-text-editor\" data-id=\"ab25e33\" data-element_type=\"widget\" data-widget_type=\"text-editor.default\">\n\t\t\t\t<div class=\"elementor-widget-container\">\n\t\t\t\t\t\t\t<h3><a href=\"https:\/\/federaciondecafeteros.org\/wp\/federacion\/\">Federaci\u00f3n<\/a><\/h3><ul><li><a href=\"https:\/\/federaciondecafeteros.org\/wp\/federacion\/quienes-somos\/\">Qui\u00e9nes Somos<\/a><\/li><li><a href=\"https:\/\/federaciondecafeteros.org\/wp\/federacion\/estructura\/\">Estructura<\/a><\/li><li><a href=\"https:\/\/federaciondecafeteros.org\/wp\/federacion\/donde-estamos\/\">D\u00f3nde Estamos<\/a><\/li><li><a href=\"https:\/\/federaciondecafeteros.org\/wp\/reconocimientos\/\">Reconocimientos<\/a><\/li><li><a href=\"https:\/\/federaciondecafeteros.org\/wp\/institucionalidad\/\">Institucionalidad<\/a><\/li><li><a href=\"https:\/\/federaciondecafeteros.org\/wp\/exportacion\/\">Exportaci\u00f3n de Caf\u00e9<\/a><\/li><li><a href=\"https:\/\/federaciondecafeteros.org\/wp\/industria\/\">Registro de Exportadores e Industria<\/a><\/li><li><a href=\"https:\/\/federaciondecafeteros.org\/wp\/tribunal-disciplinario\/\">Tribunal Disciplinario<\/a><\/li><\/ul>\t\t\t\t\t\t<\/div>\n\t\t\t\t<\/div>\n\t\t\t\t<div class=\"elementor-element elementor-element-b2ab364 elementor-widget elementor-widget-text-editor\" data-id=\"b2ab364\" data-element_type=\"widget\" data-widget_type=\"text-editor.default\">\n\t\t\t\t<div class=\"elementor-widget-container\">\n\t\t\t\t\t\t\t<h3><a href=\"https:\/\/federaciondecafeteros.org\/wp\/fonc-fepc\/\">FONC-FEPC<\/a><\/h3><ul><li><a href=\"https:\/\/federaciondecafeteros.org\/wp\/fonc\/\">Ley de Transparencia Fondo Nacional del Caf\u00e9<\/a><\/li><li><a href=\"https:\/\/federaciondecafeteros.org\/wp\/fondo-estabilizacion-precio-del-cafe\/\">Ley de Transparencia Fondo Estabilizaci\u00f3n Precios del Caf\u00e9<\/a><\/li><\/ul>\t\t\t\t\t\t<\/div>\n\t\t\t\t<\/div>\n\t\t\t\t<div class=\"elementor-element elementor-element-1a611bd elementor-widget elementor-widget-text-editor\" data-id=\"1a611bd\" data-element_type=\"widget\" data-widget_type=\"text-editor.default\">\n\t\t\t\t<div class=\"elementor-widget-container\">\n\t\t\t\t\t\t\t<h3><a href=\"https:\/\/federaciondecafeteros.org\/wp\/servicios-al-caficultor\/\">Servicios al Caficultor<\/a><\/h3><ul><li><a href=\"https:\/\/federaciondecafeteros.org\/wp\/servicios-al-caficultor\/#programas-y-convocatorias\">Programas y Convocatorias<\/a><\/li><li><a href=\"https:\/\/federaciondecafeteros.org\/wp\/servicios-al-caficultor\/aprenda-a-vender-su-cafe\/\">Aprenda a Vender su Caf\u00e9<\/a><\/li><li><a href=\"https:\/\/federaciondecafeteros.org\/wp\/cafix\/\">Caf\u00e9_GOU<\/a><\/li><li><a href=\"https:\/\/federaciondecafeteros.org\/wp\/cedula-cafetera\/\">C\u00e9dula Cafetera<\/a><\/li><li><a href=\"https:\/\/federaciondecafeteros.org\/servicios-al-caficultor\/colombia-cafetera\/\">Colombia Cafetera<\/a><\/li><li><a href=\"https:\/\/federaciondecafeteros.org\/wp\/cosecha-cafetera\/\">Mapa Cosecha Cafetera<\/a><\/li><li><a href=\"https:\/\/federaciondecafeteros.org\/wp\/canales-informativos\/\">Canales Informativos<\/a><\/li><\/ul>\t\t\t\t\t\t<\/div>\n\t\t\t\t<\/div>\n\t\t\t\t<div class=\"elementor-element elementor-element-03a392b elementor-widget elementor-widget-text-editor\" data-id=\"03a392b\" data-element_type=\"widget\" data-widget_type=\"text-editor.default\">\n\t\t\t\t<div class=\"elementor-widget-container\">\n\t\t\t\t\t\t\t<h3><a href=\"https:\/\/federaciondecafeteros.org\/wp\/servicios-al-caficultor\/\">Productos<\/a><\/h3><ul><li><a href=\"https:\/\/federaciondecafeteros.org\/wp\/nuestros-productos\/\">Portafolio<\/a><\/li><li><a href=\"https:\/\/federaciondecafeteros.org\/productos\/cafe-verde\/\">Caf\u00e9 Verde<\/a><\/li><li><a href=\"https:\/\/federaciondecafeteros.org\/productos\/cafe-tostado\/\">Caf\u00e9 Tostado<\/a><\/li><li><a href=\"https:\/\/www.buencafe.com\/\">Caf\u00e9 Soluble<\/a><\/li><li><a href=\"https:\/\/federaciondecafeteros.org\/soluciones-logisticas-a-la-medida\/\">Soluciones Log\u00edsticas<\/a><\/li><li><a href=\"https:\/\/federaciondecafeteros.org\/wp\/cafix\/\">CAFIX<\/a><\/li><li><a href=\"https:\/\/federaciondecafeteros.org\/wp\/preguntas-frecuentes-sobre-la-compra-de-cafe\/\">Preguntas Sobre Compra de Caf\u00e9<\/a><\/li><\/ul>\t\t\t\t\t\t<\/div>\n\t\t\t\t<\/div>\n\t\t\t\t\t<\/div>\n\t\t<\/div>\n\t\t\t\t<div class=\"elementor-column elementor-col-50 elementor-top-column elementor-element elementor-element-bc100df\" data-id=\"bc100df\" data-element_type=\"column\" data-settings=\"{&quot;premium_particles_zindex&quot;:0,&quot;premium_particles_responsive&quot;:[&quot;desktop&quot;,&quot;tablet&quot;,&quot;mobile&quot;]}\">\n\t\t\t<div class=\"elementor-widget-wrap elementor-element-populated\">\n\t\t\t\t\t\t<div class=\"elementor-element elementor-element-d8f9a11 elementor-widget elementor-widget-text-editor\" data-id=\"d8f9a11\" data-element_type=\"widget\" data-widget_type=\"text-editor.default\">\n\t\t\t\t<div class=\"elementor-widget-container\">\n\t\t\t\t\t\t\t<h3><a href=\"https:\/\/federaciondecafeteros.org\/wp\/sostenibilidad\/\">Sostenibilidad<\/a><\/h3><ul><li><a href=\"https:\/\/federaciondecafeteros.org\/wp\/sostenibilidad\/eje-economico\/\">Econ\u00f3mico<\/a><\/li><li><a href=\"https:\/\/federaciondecafeteros.org\/wp\/sostenibilidad\/eje-ambiental\/\">Ambiental<\/a><\/li><li><a href=\"https:\/\/federaciondecafeteros.org\/wp\/sostenibilidad\/eje-social\/\">Social<\/a><\/li><li><a href=\"https:\/\/federaciondecafeteros.org\/wp\/sostenibilidad\/eje-gobernaza\/\">Gobernanza<\/a><\/li><li><a href=\"https:\/\/federaciondecafeteros.org\/wp\/mapa-de-proyectos\/\">Mapa de Proyectos<\/a><\/li><\/ul>\t\t\t\t\t\t<\/div>\n\t\t\t\t<\/div>\n\t\t\t\t<div class=\"elementor-element elementor-element-00d6f3d elementor-widget elementor-widget-text-editor\" data-id=\"00d6f3d\" data-element_type=\"widget\" data-widget_type=\"text-editor.default\">\n\t\t\t\t<div class=\"elementor-widget-container\">\n\t\t\t\t\t\t\t<h3><a href=\"https:\/\/www.cafedecolombia.com\/particulares\/\">Caf\u00e9 de Colombia<\/a><\/h3><ul><li><a href=\"https:\/\/comprocafedecolombia.com\/\" target=\"_blank\" rel=\"noopener\">Tienda Virtual Caf\u00e9 100% Colombiano<\/a><\/li><\/ul>\t\t\t\t\t\t<\/div>\n\t\t\t\t<\/div>\n\t\t\t\t<div class=\"elementor-element elementor-element-89a7980 elementor-widget elementor-widget-text-editor\" data-id=\"89a7980\" data-element_type=\"widget\" data-widget_type=\"text-editor.default\">\n\t\t\t\t<div class=\"elementor-widget-container\">\n\t\t\t\t\t\t\t<h3><a href=\"https:\/\/federaciondecafeteros.org\/wp\/publicaciones\/\">Publicaciones<\/a><\/h3><ul><li><a href=\"https:\/\/federaciondecafeteros.org\/wp\/publicaciones\/\">Precio del Caf\u00e9<\/a><\/li><li><a href=\"https:\/\/federaciondecafeteros.org\/wp\/tipos\/informes\/\">Informes<\/a><\/li><li><a href=\"https:\/\/federaciondecafeteros.org\/wp\/estadisticas-cafeteras\/\">Estad\u00edsticas Cafeteras<\/a><\/li><\/ul>\t\t\t\t\t\t<\/div>\n\t\t\t\t<\/div>\n\t\t\t\t<div class=\"elementor-element elementor-element-57b3124 elementor-widget elementor-widget-text-editor\" data-id=\"57b3124\" data-element_type=\"widget\" data-widget_type=\"text-editor.default\">\n\t\t\t\t<div class=\"elementor-widget-container\">\n\t\t\t\t\t\t\t<h3><a href=\"https:\/\/federaciondecafeteros.org\/wp\/noticias\/\">Noticias<\/a><\/h3><ul><li><a href=\"https:\/\/federaciondecafeteros.org\/listado-noticias\/\">Boletines de Prensa<\/a><\/li><li><a href=\"https:\/\/federaciondecafeteros.org\/blog\/\">Blog<\/a><\/li><li><a href=\"https:\/\/federaciondecafeteros.org\/noticias\/#nuestras-redes\">Recursos<\/a><\/li><\/ul>\t\t\t\t\t\t<\/div>\n\t\t\t\t<\/div>\n\t\t\t\t\t<\/div>\n\t\t<\/div>\n\t\t\t\t\t<\/div>\n\t\t<\/section>\n\t\t\t\t<\/div>\n\t\t","protected":false},"excerpt":{"rendered":"<p>Federaci\u00f3n Qui\u00e9nes Somos Estructura D\u00f3nde Estamos Reconocimientos Institucionalidad Exportaci\u00f3n de Caf\u00e9 Registro de Exportadores e Industria Tribunal Disciplinario FONC-FEPC Ley de Transparencia Fondo Nacional del Caf\u00e9 Ley de Transparencia Fondo Estabilizaci\u00f3n Precios del Caf\u00e9 Servicios al Caficultor Programas y Convocatorias Aprenda a Vender su Caf\u00e9 Caf\u00e9_GOU C\u00e9dula Cafetera Colombia Cafetera Mapa Cosecha Cafetera Canales Informativos [&hellip;]<\/p>\n","protected":false},"author":1,"featured_media":3114,"parent":0,"menu_order":0,"comment_status":"closed","ping_status":"closed","template":"","meta":{"_monsterinsights_skip_tracking":false,"_monsterinsights_sitenote_active":false,"_monsterinsights_sitenote_note":"","_monsterinsights_sitenote_category":0,"footnotes":""},"yoast_head":"<!-- This site is optimized with the Yoast SEO plugin v22.0 - https:\/\/yoast.com\/wordpress\/plugins\/seo\/ -->\n<title>Mapa del sitio - Federaci\u00f3n Nacional de Cafeteros<\/title>\n<meta name=\"robots\" content=\"index, follow, max-snippet:-1, max-image-preview:large, max-video-preview:-1\" \/>\n<link rel=\"canonical\" href=\"https:\/\/federaciondecafeteros.org\/wp\/mapa-del-sitio\/\" \/>\n<meta property=\"og:locale\" content=\"es_ES\" \/>\n<meta property=\"og:type\" content=\"article\" \/>\n<meta property=\"og:title\" content=\"Mapa del sitio - Federaci\u00f3n Nacional de Cafeteros\" \/>\n<meta property=\"og:description\" content=\"Federaci\u00f3n Qui\u00e9nes Somos Estructura D\u00f3nde Estamos Reconocimientos Institucionalidad Exportaci\u00f3n de Caf\u00e9 Registro de Exportadores e Industria Tribunal Disciplinario FONC-FEPC Ley de Transparencia Fondo Nacional del Caf\u00e9 Ley de Transparencia Fondo Estabilizaci\u00f3n Precios del Caf\u00e9 Servicios al Caficultor Programas y Convocatorias Aprenda a Vender su Caf\u00e9 Caf\u00e9_GOU C\u00e9dula Cafetera Colombia Cafetera Mapa Cosecha Cafetera Canales Informativos [&hellip;]\" \/>\n<meta property=\"og:url\" content=\"https:\/\/federaciondecafeteros.org\/wp\/mapa-del-sitio\/\" \/>\n<meta property=\"og:site_name\" content=\"Federaci\u00f3n Nacional de Cafeteros\" \/>\n<meta property=\"article:publisher\" content=\"https:\/\/www.facebook.com\/fedecafeteros\" \/>\n<meta property=\"article:modified_time\" content=\"2025-03-03T16:51:28+00:00\" \/>\n<meta property=\"og:image\" content=\"https:\/\/federaciondecafeteros.org\/app\/uploads\/2019\/11\/Contacto.jpg\" \/>\n\t<meta property=\"og:image:width\" content=\"1650\" \/>\n\t<meta property=\"og:image:height\" content=\"460\" \/>\n\t<meta property=\"og:image:type\" content=\"image\/jpeg\" \/>\n<meta name=\"twitter:card\" content=\"summary_large_image\" \/>\n<meta name=\"twitter:site\" content=\"@FedeCafeteros\" \/>\n<meta name=\"twitter:label1\" content=\"Est. reading time\" \/>\n\t<meta name=\"twitter:data1\" content=\"1 minuto\" \/>\n<script type=\"application\/ld+json\" class=\"yoast-schema-graph\">{\"@context\":\"https:\/\/schema.org\",\"@graph\":[{\"@type\":\"WebPage\",\"@id\":\"https:\/\/federaciondecafeteros.org\/wp\/mapa-del-sitio\/\",\"url\":\"https:\/\/federaciondecafeteros.org\/wp\/mapa-del-sitio\/\",\"name\":\"Mapa del sitio - Federaci\u00f3n Nacional de Cafeteros\",\"isPartOf\":{\"@id\":\"https:\/\/federaciondecafeteros.org\/wp\/#website\"},\"datePublished\":\"2021-12-13T21:49:44+00:00\",\"dateModified\":\"2025-03-03T16:51:28+00:00\",\"breadcrumb\":{\"@id\":\"https:\/\/federaciondecafeteros.org\/wp\/mapa-del-sitio\/#breadcrumb\"},\"inLanguage\":\"es\",\"potentialAction\":[{\"@type\":\"ReadAction\",\"target\":[\"https:\/\/federaciondecafeteros.org\/wp\/mapa-del-sitio\/\"]}]},{\"@type\":\"BreadcrumbList\",\"@id\":\"https:\/\/federaciondecafeteros.org\/wp\/mapa-del-sitio\/#breadcrumb\",\"itemListElement\":[{\"@type\":\"ListItem\",\"position\":1,\"name\":\"Home\",\"item\":\"https:\/\/federaciondecafeteros.org\/wp\/\"},{\"@type\":\"ListItem\",\"position\":2,\"name\":\"Mapa del sitio\"}]},{\"@type\":\"WebSite\",\"@id\":\"https:\/\/federaciondecafeteros.org\/wp\/#website\",\"url\":\"https:\/\/federaciondecafeteros.org\/wp\/\",\"name\":\"Federaci\u00f3n Nacional de Cafeteros\",\"description\":\"Sitio de la Federaci\u00f3n Nacional de Cafeteros\",\"potentialAction\":[{\"@type\":\"SearchAction\",\"target\":{\"@type\":\"EntryPoint\",\"urlTemplate\":\"https:\/\/federaciondecafeteros.org\/wp\/?s={search_term_string}\"},\"query-input\":\"required name=search_term_string\"}],\"inLanguage\":\"es\"}]}<\/script>\n<!-- \/ Yoast SEO plugin. -->","yoast_head_json":{"title":"Mapa del sitio - Federaci\u00f3n Nacional de Cafeteros","robots":{"index":"index","follow":"follow","max-snippet":"max-snippet:-1","max-image-preview":"max-image-preview:large","max-video-preview":"max-video-preview:-1"},"canonical":"https:\/\/federaciondecafeteros.org\/wp\/mapa-del-sitio\/","og_locale":"es_ES","og_type":"article","og_title":"Mapa del sitio - Federaci\u00f3n Nacional de Cafeteros","og_description":"Federaci\u00f3n Qui\u00e9nes Somos Estructura D\u00f3nde Estamos Reconocimientos Institucionalidad Exportaci\u00f3n de Caf\u00e9 Registro de Exportadores e Industria Tribunal Disciplinario FONC-FEPC Ley de Transparencia Fondo Nacional del Caf\u00e9 Ley de Transparencia Fondo Estabilizaci\u00f3n Precios del Caf\u00e9 Servicios al Caficultor Programas y Convocatorias Aprenda a Vender su Caf\u00e9 Caf\u00e9_GOU C\u00e9dula Cafetera Colombia Cafetera Mapa Cosecha Cafetera Canales Informativos [&hellip;]","og_url":"https:\/\/federaciondecafeteros.org\/wp\/mapa-del-sitio\/","og_site_name":"Federaci\u00f3n Nacional de Cafeteros","article_publisher":"https:\/\/www.facebook.com\/fedecafeteros","article_modified_time":"2025-03-03T16:51:28+00:00","og_image":[{"width":1650,"height":460,"url":"https:\/\/federaciondecafeteros.org\/app\/uploads\/2019\/11\/Contacto.jpg","type":"image\/jpeg"}],"twitter_card":"summary_large_image","twitter_site":"@FedeCafeteros","twitter_misc":{"Est. reading time":"1 minuto"},"schema":{"@context":"https:\/\/schema.org","@graph":[{"@type":"WebPage","@id":"https:\/\/federaciondecafeteros.org\/wp\/mapa-del-sitio\/","url":"https:\/\/federaciondecafeteros.org\/wp\/mapa-del-sitio\/","name":"Mapa del sitio - Federaci\u00f3n Nacional de Cafeteros","isPartOf":{"@id":"https:\/\/federaciondecafeteros.org\/wp\/#website"},"datePublished":"2021-12-13T21:49:44+00:00","dateModified":"2025-03-03T16:51:28+00:00","breadcrumb":{"@id":"https:\/\/federaciondecafeteros.org\/wp\/mapa-del-sitio\/#breadcrumb"},"inLanguage":"es","potentialAction":[{"@type":"ReadAction","target":["https:\/\/federaciondecafeteros.org\/wp\/mapa-del-sitio\/"]}]},{"@type":"BreadcrumbList","@id":"https:\/\/federaciondecafeteros.org\/wp\/mapa-del-sitio\/#breadcrumb","itemListElement":[{"@type":"ListItem","position":1,"name":"Home","item":"https:\/\/federaciondecafeteros.org\/wp\/"},{"@type":"ListItem","position":2,"name":"Mapa del sitio"}]},{"@type":"WebSite","@id":"https:\/\/federaciondecafeteros.org\/wp\/#website","url":"https:\/\/federaciondecafeteros.org\/wp\/","name":"Federaci\u00f3n Nacional de Cafeteros","description":"Sitio de la Federaci\u00f3n Nacional de Cafeteros","potentialAction":[{"@type":"SearchAction","target":{"@type":"EntryPoint","urlTemplate":"https:\/\/federaciondecafeteros.org\/wp\/?s={search_term_string}"},"query-input":"required name=search_term_string"}],"inLanguage":"es"}]}},"_links":{"self":[{"href":"https:\/\/federaciondecafeteros.org\/wp\/wp-json\/wp\/v2\/pages\/21350"}],"collection":[{"href":"https:\/\/federaciondecafeteros.org\/wp\/wp-json\/wp\/v2\/pages"}],"about":[{"href":"https:\/\/federaciondecafeteros.org\/wp\/wp-json\/wp\/v2\/types\/page"}],"author":[{"embeddable":true,"href":"https:\/\/federaciondecafeteros.org\/wp\/wp-json\/wp\/v2\/users\/1"}],"replies":[{"embeddable":true,"href":"https:\/\/federaciondecafeteros.org\/wp\/wp-json\/wp\/v2\/comments?post=21350"}],"version-history":[{"count":17,"href":"https:\/\/federaciondecafeteros.org\/wp\/wp-json\/wp\/v2\/pages\/21350\/revisions"}],"predecessor-version":[{"id":38516,"href":"https:\/\/federaciondecafeteros.org\/wp\/wp-json\/wp\/v2\/pages\/21350\/revisions\/38516"}],"wp:featuredmedia":[{"embeddable":true,"href":"https:\/\/federaciondecafeteros.org\/wp\/wp-json\/wp\/v2\/media\/3114"}],"wp:attachment":[{"href":"https:\/\/federaciondecafeteros.org\/wp\/wp-json\/wp\/v2\/media?parent=21350"}],"curies":[{"name":"wp","href":"https:\/\/api.w.org\/{rel}","templated":true}]}}