{"id":26666,"date":"2022-09-27T15:20:43","date_gmt":"2022-09-27T20:20:43","guid":{"rendered":"https:\/\/federaciondecafeteros.org\/wp\/?page_id=26666"},"modified":"2022-10-18T10:07:31","modified_gmt":"2022-10-18T15:07:31","slug":"directorio-institucional-fonc","status":"publish","type":"page","link":"https:\/\/federaciondecafeteros.org\/wp\/directorio-institucional-fonc\/","title":{"rendered":"Directorio Institucional FoNC"},"content":{"rendered":"\t\t<div data-elementor-type=\"wp-page\" data-elementor-id=\"26666\" class=\"elementor elementor-26666\" data-elementor-settings=\"{&quot;premium_particles_zindex&quot;:0,&quot;premium_particles_responsive&quot;:[&quot;desktop&quot;,&quot;tablet&quot;,&quot;mobile&quot;]}\" data-elementor-post-type=\"page\">\n\t\t\t\t\t\t<section class=\"elementor-section elementor-top-section elementor-element elementor-element-06c1855 elementor-section-boxed elementor-section-height-default elementor-section-height-default\" data-id=\"06c1855\" data-element_type=\"section\" data-settings=\"{&quot;premium_particles_zindex&quot;:0,&quot;premium_particles_responsive&quot;:[&quot;desktop&quot;,&quot;tablet&quot;,&quot;mobile&quot;]}\">\n\t\t\t\t\t\t<div class=\"elementor-container elementor-column-gap-default\">\n\t\t\t\t\t<div class=\"elementor-column elementor-col-100 elementor-top-column elementor-element elementor-element-e100b4b\" data-id=\"e100b4b\" data-element_type=\"column\" data-settings=\"{&quot;premium_particles_zindex&quot;:0,&quot;premium_particles_responsive&quot;:[&quot;desktop&quot;,&quot;tablet&quot;,&quot;mobile&quot;]}\">\n\t\t\t<div class=\"elementor-widget-wrap elementor-element-populated\">\n\t\t\t\t\t\t<div class=\"elementor-element elementor-element-18c3c3c elementor-widget elementor-widget-heading\" data-id=\"18c3c3c\" data-element_type=\"widget\" data-widget_type=\"heading.default\">\n\t\t\t\t<div class=\"elementor-widget-container\">\n\t\t\t<h3 class=\"elementor-heading-title elementor-size-default\">TRANSPARENCIA Y ACCESO A LA INFORMACI\u00d3N P\u00daBLICA<\/h3>\t\t<\/div>\n\t\t\t\t<\/div>\n\t\t\t\t\t<\/div>\n\t\t<\/div>\n\t\t\t\t\t<\/div>\n\t\t<\/section>\n\t\t\t\t<section class=\"elementor-section elementor-top-section elementor-element elementor-element-28a88c9 elementor-section-boxed elementor-section-height-default elementor-section-height-default\" data-id=\"28a88c9\" data-element_type=\"section\" data-settings=\"{&quot;premium_particles_zindex&quot;:0,&quot;premium_particles_responsive&quot;:[&quot;desktop&quot;,&quot;tablet&quot;,&quot;mobile&quot;]}\">\n\t\t\t\t\t\t<div class=\"elementor-container elementor-column-gap-default\">\n\t\t\t\t\t<div class=\"elementor-column elementor-col-33 elementor-top-column elementor-element elementor-element-51b5d79\" data-id=\"51b5d79\" data-element_type=\"column\" data-settings=\"{&quot;premium_particles_zindex&quot;:0,&quot;premium_particles_responsive&quot;:[&quot;desktop&quot;,&quot;tablet&quot;,&quot;mobile&quot;]}\">\n\t\t\t<div class=\"elementor-widget-wrap elementor-element-populated\">\n\t\t\t\t\t\t<div class=\"elementor-element elementor-element-68e0bde elementor-widget elementor-widget-text-editor\" data-id=\"68e0bde\" data-element_type=\"widget\" data-widget_type=\"text-editor.default\">\n\t\t\t\t<div class=\"elementor-widget-container\">\n\t\t\t\t\t\t\t<h6><strong>Directorio institucional FoNC:<\/strong><\/h6><p>En el siguiente mapa podr\u00e1 encontrar la informaci\u00f3n de contacto, ubicaci\u00f3n f\u00edsica, direcci\u00f3n de la sede, los horarios y d\u00edas de atenci\u00f3n al p\u00fablico de las diferentes dependencias de la FNC tales como: Oficina Central, Comit\u00e9s Departamentales de Cafeteros, Oficinas Coordinadoras, Inspecciones portuarias y F\u00e1brica de Caf\u00e9 Liofilizado &#8211; Buencaf\u00e9: pulsando la opci\u00f3n M\u00e1s informaci\u00f3n podr\u00e1 ser dirigido a las p\u00e1ginas web espec\u00edficas de cada una de estas dependencias.<\/p>\t\t\t\t\t\t<\/div>\n\t\t\t\t<\/div>\n\t\t\t\t\t<\/div>\n\t\t<\/div>\n\t\t\t\t<div class=\"elementor-column elementor-col-66 elementor-top-column elementor-element elementor-element-b785e19\" data-id=\"b785e19\" data-element_type=\"column\" data-settings=\"{&quot;premium_particles_zindex&quot;:0,&quot;premium_particles_responsive&quot;:[&quot;desktop&quot;,&quot;tablet&quot;,&quot;mobile&quot;]}\">\n\t\t\t<div class=\"elementor-widget-wrap\">\n\t\t\t\t\t\t\t<\/div>\n\t\t<\/div>\n\t\t\t\t\t<\/div>\n\t\t<\/section>\n\t\t\t\t<section class=\"elementor-section elementor-top-section elementor-element elementor-element-77fd56c elementor-section-full_width elementor-section-height-default elementor-section-height-default\" data-id=\"77fd56c\" data-element_type=\"section\" data-settings=\"{&quot;premium_particles_zindex&quot;:0,&quot;premium_particles_responsive&quot;:[&quot;desktop&quot;,&quot;tablet&quot;,&quot;mobile&quot;]}\">\n\t\t\t\t\t\t<div class=\"elementor-container elementor-column-gap-default\">\n\t\t\t\t\t<div class=\"elementor-column elementor-col-50 elementor-top-column elementor-element elementor-element-6b9ab62\" data-id=\"6b9ab62\" data-element_type=\"column\" data-settings=\"{&quot;premium_particles_zindex&quot;:0,&quot;premium_particles_responsive&quot;:[&quot;desktop&quot;,&quot;tablet&quot;,&quot;mobile&quot;]}\">\n\t\t\t<div class=\"elementor-widget-wrap elementor-element-populated\">\n\t\t\t\t\t\t<div class=\"elementor-element elementor-element-48f4548 elementor-widget elementor-widget-html\" data-id=\"48f4548\" data-element_type=\"widget\" data-widget_type=\"html.default\">\n\t\t\t\t<div class=\"elementor-widget-container\">\n\t\t\t<iframe height=\"750px\" src=\"https:\/\/federacafe.maps.arcgis.com\/apps\/webappviewer\/index.html?id=b8afbea600134417bd9f9b410e9f9b51\"><\/iframe>\t\t<\/div>\n\t\t\t\t<\/div>\n\t\t\t\t\t<\/div>\n\t\t<\/div>\n\t\t\t\t<div class=\"elementor-column elementor-col-50 elementor-top-column elementor-element elementor-element-782feaa\" data-id=\"782feaa\" data-element_type=\"column\" data-settings=\"{&quot;premium_particles_zindex&quot;:0,&quot;premium_particles_responsive&quot;:[&quot;desktop&quot;,&quot;tablet&quot;,&quot;mobile&quot;]}\">\n\t\t\t<div class=\"elementor-widget-wrap elementor-element-populated\">\n\t\t\t\t\t\t<div class=\"elementor-element elementor-element-c1dda84 elementor-widget elementor-widget-html\" data-id=\"c1dda84\" data-element_type=\"widget\" data-widget_type=\"html.default\">\n\t\t\t\t<div class=\"elementor-widget-container\">\n\t\t\t<script>\n    document.addEventListener('DOMContentLoaded', function () {\n        if (location.hash == '#tratamiento-de-datos') {\n            document.querySelector('select[name=\"informacion-del-contactenos\"]').value =\n                'Tratamiento de Datos Personales'\n        }\n    })\n    $jQuery(function ( $ ){\n        $('[data-toggle=\"tooltip\"]').tooltip()\n    })\n<\/script>\n\n\n<style>\n\/* Tooltip container *\/\n.tooltip2 {\n  position: relative;\n  display: inline-block;\n}\n\n\/* Tooltip text *\/\n.tooltip2 .tooltiptext {\n  visibility: hidden;\n  width: 120px;\n  background-color: #838383;\n  color: #fff;\n  text-align: center;\n  padding: 5px 0;\n  border-radius: 6px;\n \n  \/* Position the tooltip text - see examples below! *\/\n  position: absolute;\n  z-index: 1;\n}\n\n.tooltip2 .tooltiptext {\n    width: 100%;\n    bottom: 100%;\n    left: 50%;\n    margin-left: -60px;\n    max-width: 300px;\n    padding: 10px;\n    text-align: left;\n}\n\n.tooltip2:hover .tooltiptext {\n  visibility: visible;\n}\n<\/style>\t\t<\/div>\n\t\t\t\t<\/div>\n\t\t\t\t<div class=\"elementor-element elementor-element-f1238fe elementor-widget elementor-widget-html\" data-id=\"f1238fe\" data-element_type=\"widget\" data-widget_type=\"html.default\">\n\t\t\t\t<div class=\"elementor-widget-container\">\n\t\t\t<script>\n    document.addEventListener('DOMContentLoaded', function () {\n        if (location.hash == '#tratamiento-de-datos') {\n            document.querySelector('select[name=\"informacion-del-contactenos\"]').value =\n                'Tratamiento de Datos Personales'\n        }\n    })\n    $jQuery(function ( $ ){\n        $('[data-toggle=\"tooltip\"]').tooltip()\n    })\n<\/script>\t\t<\/div>\n\t\t\t\t<\/div>\n\t\t\t\t\t<\/div>\n\t\t<\/div>\n\t\t\t\t\t<\/div>\n\t\t<\/section>\n\t\t\t\t<section class=\"elementor-section elementor-top-section elementor-element elementor-element-d16f7d6 elementor-section-boxed elementor-section-height-default elementor-section-height-default\" data-id=\"d16f7d6\" data-element_type=\"section\" data-settings=\"{&quot;premium_particles_zindex&quot;:0,&quot;premium_particles_responsive&quot;:[&quot;desktop&quot;,&quot;tablet&quot;,&quot;mobile&quot;]}\">\n\t\t\t\t\t\t<div class=\"elementor-container elementor-column-gap-default\">\n\t\t\t\t\t<div class=\"elementor-column elementor-col-25 elementor-top-column elementor-element elementor-element-c49847a\" data-id=\"c49847a\" data-element_type=\"column\" data-settings=\"{&quot;premium_particles_zindex&quot;:0,&quot;premium_particles_responsive&quot;:[&quot;desktop&quot;,&quot;tablet&quot;,&quot;mobile&quot;]}\">\n\t\t\t<div class=\"elementor-widget-wrap elementor-element-populated\">\n\t\t\t\t\t\t<div class=\"elementor-element elementor-element-db10c92 elementor-widget elementor-widget-text-editor\" data-id=\"db10c92\" data-element_type=\"widget\" data-widget_type=\"text-editor.default\">\n\t\t\t\t<div class=\"elementor-widget-container\">\n\t\t\t\t\t\t\t<p><strong>Para m\u00e1s informaci\u00f3n, consulte:<\/strong><\/p>\t\t\t\t\t\t<\/div>\n\t\t\t\t<\/div>\n\t\t\t\t\t<\/div>\n\t\t<\/div>\n\t\t\t\t<div class=\"elementor-column elementor-col-50 elementor-top-column elementor-element elementor-element-deda5d9\" data-id=\"deda5d9\" data-element_type=\"column\" data-settings=\"{&quot;premium_particles_zindex&quot;:0,&quot;premium_particles_responsive&quot;:[&quot;desktop&quot;,&quot;tablet&quot;,&quot;mobile&quot;]}\">\n\t\t\t<div class=\"elementor-widget-wrap elementor-element-populated\">\n\t\t\t\t\t\t<div class=\"elementor-element elementor-element-46f42c0 elementor-widget elementor-widget-button\" data-id=\"46f42c0\" data-element_type=\"widget\" data-widget_type=\"button.default\">\n\t\t\t\t<div class=\"elementor-widget-container\">\n\t\t\t\t\t<div class=\"elementor-button-wrapper\">\n\t\t\t<a class=\"elementor-button elementor-button-link elementor-size-sm\" href=\"https:\/\/federaciondecafeteros.org\/app\/uploads\/2022\/09\/1.5-Directorio-institucional-FoNC.pdf\">\n\t\t\t\t\t\t<span class=\"elementor-button-content-wrapper\">\n\t\t\t\t\t\t<span class=\"elementor-button-text\">Directorio dependencias por ciudad y municipio<\/span>\n\t\t<\/span>\n\t\t\t\t\t<\/a>\n\t\t<\/div>\n\t\t\t\t<\/div>\n\t\t\t\t<\/div>\n\t\t\t\t\t<\/div>\n\t\t<\/div>\n\t\t\t\t<div class=\"elementor-column elementor-col-25 elementor-top-column elementor-element elementor-element-c86251a\" data-id=\"c86251a\" data-element_type=\"column\" data-settings=\"{&quot;premium_particles_zindex&quot;:0,&quot;premium_particles_responsive&quot;:[&quot;desktop&quot;,&quot;tablet&quot;,&quot;mobile&quot;]}\">\n\t\t\t<div class=\"elementor-widget-wrap\">\n\t\t\t\t\t\t\t<\/div>\n\t\t<\/div>\n\t\t\t\t\t<\/div>\n\t\t<\/section>\n\t\t\t\t<\/div>\n\t\t","protected":false},"excerpt":{"rendered":"<p>TRANSPARENCIA Y ACCESO A LA INFORMACI\u00d3N P\u00daBLICA Directorio institucional FoNC: En el siguiente mapa podr\u00e1 encontrar la informaci\u00f3n de contacto, ubicaci\u00f3n f\u00edsica, direcci\u00f3n de la sede, los horarios y d\u00edas de atenci\u00f3n al p\u00fablico de las diferentes dependencias de la FNC tales como: Oficina Central, Comit\u00e9s Departamentales de Cafeteros, Oficinas Coordinadoras, Inspecciones portuarias y F\u00e1brica [&hellip;]<\/p>\n","protected":false},"author":39,"featured_media":3114,"parent":0,"menu_order":0,"comment_status":"closed","ping_status":"closed","template":"","meta":{"_monsterinsights_skip_tracking":false,"_monsterinsights_sitenote_active":false,"_monsterinsights_sitenote_note":"","_monsterinsights_sitenote_category":0,"footnotes":""},"yoast_head":"<!-- This site is optimized with the Yoast SEO plugin v22.0 - https:\/\/yoast.com\/wordpress\/plugins\/seo\/ -->\n<title>Directorio Institucional FoNC - Federaci\u00f3n Nacional de Cafeteros<\/title>\n<meta name=\"robots\" content=\"index, follow, max-snippet:-1, max-image-preview:large, max-video-preview:-1\" \/>\n<link rel=\"canonical\" href=\"https:\/\/federaciondecafeteros.org\/wp\/directorio-institucional-fonc\/\" \/>\n<meta property=\"og:locale\" content=\"es_ES\" \/>\n<meta property=\"og:type\" content=\"article\" \/>\n<meta property=\"og:title\" content=\"Directorio Institucional FoNC - Federaci\u00f3n Nacional de Cafeteros\" \/>\n<meta property=\"og:description\" content=\"TRANSPARENCIA Y ACCESO A LA INFORMACI\u00d3N P\u00daBLICA Directorio institucional FoNC: En el siguiente mapa podr\u00e1 encontrar la informaci\u00f3n de contacto, ubicaci\u00f3n f\u00edsica, direcci\u00f3n de la sede, los horarios y d\u00edas de atenci\u00f3n al p\u00fablico de las diferentes dependencias de la FNC tales como: Oficina Central, Comit\u00e9s Departamentales de Cafeteros, Oficinas Coordinadoras, Inspecciones portuarias y F\u00e1brica [&hellip;]\" \/>\n<meta property=\"og:url\" content=\"https:\/\/federaciondecafeteros.org\/wp\/directorio-institucional-fonc\/\" \/>\n<meta property=\"og:site_name\" content=\"Federaci\u00f3n Nacional de Cafeteros\" \/>\n<meta property=\"article:publisher\" content=\"https:\/\/www.facebook.com\/fedecafeteros\" \/>\n<meta property=\"article:modified_time\" content=\"2022-10-18T15:07:31+00:00\" \/>\n<meta property=\"og:image\" content=\"https:\/\/federaciondecafeteros.org\/app\/uploads\/2019\/11\/Contacto.jpg\" \/>\n\t<meta property=\"og:image:width\" content=\"1650\" \/>\n\t<meta property=\"og:image:height\" content=\"460\" \/>\n\t<meta property=\"og:image:type\" content=\"image\/jpeg\" \/>\n<meta name=\"twitter:card\" content=\"summary_large_image\" \/>\n<meta name=\"twitter:site\" content=\"@FedeCafeteros\" \/>\n<meta name=\"twitter:label1\" content=\"Est. reading time\" \/>\n\t<meta name=\"twitter:data1\" content=\"1 minuto\" \/>\n<script type=\"application\/ld+json\" class=\"yoast-schema-graph\">{\"@context\":\"https:\/\/schema.org\",\"@graph\":[{\"@type\":\"WebPage\",\"@id\":\"https:\/\/federaciondecafeteros.org\/wp\/directorio-institucional-fonc\/\",\"url\":\"https:\/\/federaciondecafeteros.org\/wp\/directorio-institucional-fonc\/\",\"name\":\"Directorio Institucional FoNC - Federaci\u00f3n Nacional de Cafeteros\",\"isPartOf\":{\"@id\":\"https:\/\/federaciondecafeteros.org\/wp\/#website\"},\"datePublished\":\"2022-09-27T20:20:43+00:00\",\"dateModified\":\"2022-10-18T15:07:31+00:00\",\"breadcrumb\":{\"@id\":\"https:\/\/federaciondecafeteros.org\/wp\/directorio-institucional-fonc\/#breadcrumb\"},\"inLanguage\":\"es\",\"potentialAction\":[{\"@type\":\"ReadAction\",\"target\":[\"https:\/\/federaciondecafeteros.org\/wp\/directorio-institucional-fonc\/\"]}]},{\"@type\":\"BreadcrumbList\",\"@id\":\"https:\/\/federaciondecafeteros.org\/wp\/directorio-institucional-fonc\/#breadcrumb\",\"itemListElement\":[{\"@type\":\"ListItem\",\"position\":1,\"name\":\"Home\",\"item\":\"https:\/\/federaciondecafeteros.org\/wp\/\"},{\"@type\":\"ListItem\",\"position\":2,\"name\":\"Directorio Institucional FoNC\"}]},{\"@type\":\"WebSite\",\"@id\":\"https:\/\/federaciondecafeteros.org\/wp\/#website\",\"url\":\"https:\/\/federaciondecafeteros.org\/wp\/\",\"name\":\"Federaci\u00f3n Nacional de Cafeteros\",\"description\":\"Sitio de la Federaci\u00f3n Nacional de Cafeteros\",\"potentialAction\":[{\"@type\":\"SearchAction\",\"target\":{\"@type\":\"EntryPoint\",\"urlTemplate\":\"https:\/\/federaciondecafeteros.org\/wp\/?s={search_term_string}\"},\"query-input\":\"required name=search_term_string\"}],\"inLanguage\":\"es\"}]}<\/script>\n<!-- \/ Yoast SEO plugin. -->","yoast_head_json":{"title":"Directorio Institucional FoNC - Federaci\u00f3n Nacional de Cafeteros","robots":{"index":"index","follow":"follow","max-snippet":"max-snippet:-1","max-image-preview":"max-image-preview:large","max-video-preview":"max-video-preview:-1"},"canonical":"https:\/\/federaciondecafeteros.org\/wp\/directorio-institucional-fonc\/","og_locale":"es_ES","og_type":"article","og_title":"Directorio Institucional FoNC - Federaci\u00f3n Nacional de Cafeteros","og_description":"TRANSPARENCIA Y ACCESO A LA INFORMACI\u00d3N P\u00daBLICA Directorio institucional FoNC: En el siguiente mapa podr\u00e1 encontrar la informaci\u00f3n de contacto, ubicaci\u00f3n f\u00edsica, direcci\u00f3n de la sede, los horarios y d\u00edas de atenci\u00f3n al p\u00fablico de las diferentes dependencias de la FNC tales como: Oficina Central, Comit\u00e9s Departamentales de Cafeteros, Oficinas Coordinadoras, Inspecciones portuarias y F\u00e1brica [&hellip;]","og_url":"https:\/\/federaciondecafeteros.org\/wp\/directorio-institucional-fonc\/","og_site_name":"Federaci\u00f3n Nacional de Cafeteros","article_publisher":"https:\/\/www.facebook.com\/fedecafeteros","article_modified_time":"2022-10-18T15:07:31+00:00","og_image":[{"width":1650,"height":460,"url":"https:\/\/federaciondecafeteros.org\/app\/uploads\/2019\/11\/Contacto.jpg","type":"image\/jpeg"}],"twitter_card":"summary_large_image","twitter_site":"@FedeCafeteros","twitter_misc":{"Est. reading time":"1 minuto"},"schema":{"@context":"https:\/\/schema.org","@graph":[{"@type":"WebPage","@id":"https:\/\/federaciondecafeteros.org\/wp\/directorio-institucional-fonc\/","url":"https:\/\/federaciondecafeteros.org\/wp\/directorio-institucional-fonc\/","name":"Directorio Institucional FoNC - Federaci\u00f3n Nacional de Cafeteros","isPartOf":{"@id":"https:\/\/federaciondecafeteros.org\/wp\/#website"},"datePublished":"2022-09-27T20:20:43+00:00","dateModified":"2022-10-18T15:07:31+00:00","breadcrumb":{"@id":"https:\/\/federaciondecafeteros.org\/wp\/directorio-institucional-fonc\/#breadcrumb"},"inLanguage":"es","potentialAction":[{"@type":"ReadAction","target":["https:\/\/federaciondecafeteros.org\/wp\/directorio-institucional-fonc\/"]}]},{"@type":"BreadcrumbList","@id":"https:\/\/federaciondecafeteros.org\/wp\/directorio-institucional-fonc\/#breadcrumb","itemListElement":[{"@type":"ListItem","position":1,"name":"Home","item":"https:\/\/federaciondecafeteros.org\/wp\/"},{"@type":"ListItem","position":2,"name":"Directorio Institucional FoNC"}]},{"@type":"WebSite","@id":"https:\/\/federaciondecafeteros.org\/wp\/#website","url":"https:\/\/federaciondecafeteros.org\/wp\/","name":"Federaci\u00f3n Nacional de Cafeteros","description":"Sitio de la Federaci\u00f3n Nacional de Cafeteros","potentialAction":[{"@type":"SearchAction","target":{"@type":"EntryPoint","urlTemplate":"https:\/\/federaciondecafeteros.org\/wp\/?s={search_term_string}"},"query-input":"required name=search_term_string"}],"inLanguage":"es"}]}},"_links":{"self":[{"href":"https:\/\/federaciondecafeteros.org\/wp\/wp-json\/wp\/v2\/pages\/26666"}],"collection":[{"href":"https:\/\/federaciondecafeteros.org\/wp\/wp-json\/wp\/v2\/pages"}],"about":[{"href":"https:\/\/federaciondecafeteros.org\/wp\/wp-json\/wp\/v2\/types\/page"}],"author":[{"embeddable":true,"href":"https:\/\/federaciondecafeteros.org\/wp\/wp-json\/wp\/v2\/users\/39"}],"replies":[{"embeddable":true,"href":"https:\/\/federaciondecafeteros.org\/wp\/wp-json\/wp\/v2\/comments?post=26666"}],"version-history":[{"count":16,"href":"https:\/\/federaciondecafeteros.org\/wp\/wp-json\/wp\/v2\/pages\/26666\/revisions"}],"predecessor-version":[{"id":28043,"href":"https:\/\/federaciondecafeteros.org\/wp\/wp-json\/wp\/v2\/pages\/26666\/revisions\/28043"}],"wp:featuredmedia":[{"embeddable":true,"href":"https:\/\/federaciondecafeteros.org\/wp\/wp-json\/wp\/v2\/media\/3114"}],"wp:attachment":[{"href":"https:\/\/federaciondecafeteros.org\/wp\/wp-json\/wp\/v2\/media?parent=26666"}],"curies":[{"name":"wp","href":"https:\/\/api.w.org\/{rel}","templated":true}]}}