{"id":38317,"date":"2025-02-13T10:05:15","date_gmt":"2025-02-13T15:05:15","guid":{"rendered":"https:\/\/federaciondecafeteros.org\/wp\/?page_id=38317"},"modified":"2026-03-02T08:33:39","modified_gmt":"2026-03-02T13:33:39","slug":"mecanismos-del-fepcafe","status":"publish","type":"page","link":"https:\/\/federaciondecafeteros.org\/wp\/mecanismos-del-fepcafe\/","title":{"rendered":"Mecanismos del FEPCAF\u00c9"},"content":{"rendered":"\t\t<div data-elementor-type=\"wp-page\" data-elementor-id=\"38317\" class=\"elementor elementor-38317\" data-elementor-settings=\"{&quot;premium_particles_zindex&quot;:0,&quot;premium_particles_responsive&quot;:[&quot;desktop&quot;,&quot;tablet&quot;,&quot;mobile&quot;]}\" data-elementor-post-type=\"page\">\n\t\t\t\t\t\t<section class=\"elementor-section elementor-top-section elementor-element elementor-element-797847e elementor-section-boxed elementor-section-height-default elementor-section-height-default\" data-id=\"797847e\" data-element_type=\"section\" data-settings=\"{&quot;premium_particles_zindex&quot;:0,&quot;premium_particles_responsive&quot;:[&quot;desktop&quot;,&quot;tablet&quot;,&quot;mobile&quot;]}\">\n\t\t\t\t\t\t<div class=\"elementor-container elementor-column-gap-default\">\n\t\t\t\t\t<div class=\"elementor-column elementor-col-100 elementor-top-column elementor-element elementor-element-dadf400\" data-id=\"dadf400\" data-element_type=\"column\" data-settings=\"{&quot;premium_particles_zindex&quot;:0,&quot;premium_particles_responsive&quot;:[&quot;desktop&quot;,&quot;tablet&quot;,&quot;mobile&quot;]}\">\n\t\t\t<div class=\"elementor-widget-wrap elementor-element-populated\">\n\t\t\t\t\t\t<div class=\"elementor-element elementor-element-4795acb elementor-widget elementor-widget-text-editor\" data-id=\"4795acb\" data-element_type=\"widget\" data-widget_type=\"text-editor.default\">\n\t\t\t\t<div class=\"elementor-widget-container\">\n\t\t\t\t\t\t\t<h5>Consulte aqu\u00ed la informaci\u00f3n relacionada con los mecanismos del Fondo de Estabilizaci\u00f3n de Precios del Caf\u00e9:<\/h5>\t\t\t\t\t\t<\/div>\n\t\t\t\t<\/div>\n\t\t\t\t\t<\/div>\n\t\t<\/div>\n\t\t\t\t\t<\/div>\n\t\t<\/section>\n\t\t\t\t<section class=\"elementor-section elementor-top-section elementor-element elementor-element-63201b4 elementor-section-boxed elementor-section-height-default elementor-section-height-default\" data-id=\"63201b4\" data-element_type=\"section\" data-settings=\"{&quot;premium_particles_zindex&quot;:0,&quot;premium_particles_responsive&quot;:[&quot;desktop&quot;,&quot;tablet&quot;,&quot;mobile&quot;]}\">\n\t\t\t\t\t\t<div class=\"elementor-container elementor-column-gap-default\">\n\t\t\t\t\t<div class=\"elementor-column elementor-col-100 elementor-top-column elementor-element elementor-element-41d7009\" data-id=\"41d7009\" data-element_type=\"column\" data-settings=\"{&quot;premium_particles_zindex&quot;:0,&quot;premium_particles_responsive&quot;:[&quot;desktop&quot;,&quot;tablet&quot;,&quot;mobile&quot;]}\">\n\t\t\t<div class=\"elementor-widget-wrap elementor-element-populated\">\n\t\t\t\t\t\t<div class=\"elementor-element elementor-element-d283c01 elementor-align-center elementor-widget elementor-widget-button\" data-id=\"d283c01\" data-element_type=\"widget\" data-widget_type=\"button.default\">\n\t\t\t\t<div class=\"elementor-widget-container\">\n\t\t\t\t\t<div class=\"elementor-button-wrapper\">\n\t\t\t<a class=\"elementor-button elementor-button-link elementor-size-sm\" href=\"https:\/\/federaciondecafeteros.org\/app\/uploads\/2026\/03\/2.-Reporte-Mensual_Feb26_FEPCafe\u0301.pdf\" target=\"_blank\">\n\t\t\t\t\t\t<span class=\"elementor-button-content-wrapper\">\n\t\t\t\t\t\t<span class=\"elementor-button-text\">Reporte Mensual Indicadores FEPCAF\u00c9<\/span>\n\t\t<\/span>\n\t\t\t\t\t<\/a>\n\t\t<\/div>\n\t\t\t\t<\/div>\n\t\t\t\t<\/div>\n\t\t\t\t\t<\/div>\n\t\t<\/div>\n\t\t\t\t\t<\/div>\n\t\t<\/section>\n\t\t\t\t<section class=\"elementor-section elementor-top-section elementor-element elementor-element-9822371 elementor-section-boxed elementor-section-height-default elementor-section-height-default\" data-id=\"9822371\" data-element_type=\"section\" data-settings=\"{&quot;premium_particles_zindex&quot;:0,&quot;premium_particles_responsive&quot;:[&quot;desktop&quot;,&quot;tablet&quot;,&quot;mobile&quot;]}\">\n\t\t\t\t\t\t<div class=\"elementor-container elementor-column-gap-default\">\n\t\t\t\t\t<div class=\"elementor-column elementor-col-100 elementor-top-column elementor-element elementor-element-378a82c\" data-id=\"378a82c\" data-element_type=\"column\" data-settings=\"{&quot;premium_particles_zindex&quot;:0,&quot;premium_particles_responsive&quot;:[&quot;desktop&quot;,&quot;tablet&quot;,&quot;mobile&quot;]}\">\n\t\t\t<div class=\"elementor-widget-wrap elementor-element-populated\">\n\t\t\t\t\t\t<div class=\"elementor-element elementor-element-8c4b144 elementor-align-center elementor-widget elementor-widget-button\" data-id=\"8c4b144\" data-element_type=\"widget\" data-widget_type=\"button.default\">\n\t\t\t\t<div class=\"elementor-widget-container\">\n\t\t\t\t\t<div class=\"elementor-button-wrapper\">\n\t\t\t<a class=\"elementor-button elementor-button-link elementor-size-sm\" href=\"https:\/\/federaciondecafeteros.org\/wp\/mecic\/\" target=\"_blank\">\n\t\t\t\t\t\t<span class=\"elementor-button-content-wrapper\">\n\t\t\t\t\t\t<span class=\"elementor-button-text\">Mecanismo de Compensaci\u00f3n Ingreso Cafetero - MECIC<\/span>\n\t\t<\/span>\n\t\t\t\t\t<\/a>\n\t\t<\/div>\n\t\t\t\t<\/div>\n\t\t\t\t<\/div>\n\t\t\t\t\t<\/div>\n\t\t<\/div>\n\t\t\t\t\t<\/div>\n\t\t<\/section>\n\t\t\t\t<section class=\"elementor-section elementor-top-section elementor-element elementor-element-a3b5263 elementor-section-boxed elementor-section-height-default elementor-section-height-default\" data-id=\"a3b5263\" data-element_type=\"section\" data-settings=\"{&quot;premium_particles_zindex&quot;:0,&quot;premium_particles_responsive&quot;:[&quot;desktop&quot;,&quot;tablet&quot;,&quot;mobile&quot;]}\">\n\t\t\t\t\t\t<div class=\"elementor-container elementor-column-gap-default\">\n\t\t\t\t\t<div class=\"elementor-column elementor-col-100 elementor-top-column elementor-element elementor-element-9866ce4\" data-id=\"9866ce4\" data-element_type=\"column\" data-settings=\"{&quot;premium_particles_zindex&quot;:0,&quot;premium_particles_responsive&quot;:[&quot;desktop&quot;,&quot;tablet&quot;,&quot;mobile&quot;]}\">\n\t\t\t<div class=\"elementor-widget-wrap elementor-element-populated\">\n\t\t\t\t\t\t<div class=\"elementor-element elementor-element-144992c elementor-align-center elementor-widget elementor-widget-button\" data-id=\"144992c\" data-element_type=\"widget\" data-widget_type=\"button.default\">\n\t\t\t\t<div class=\"elementor-widget-container\">\n\t\t\t\t\t<div class=\"elementor-button-wrapper\">\n\t\t\t<a class=\"elementor-button elementor-button-link elementor-size-sm\" href=\"https:\/\/federaciondecafeteros.org\/app\/uploads\/2025\/09\/Ficha_metodologica_Costomedioproduccio\u0301n_FEPCafe\u0301_2025.pdf\" target=\"_blank\">\n\t\t\t\t\t\t<span class=\"elementor-button-content-wrapper\">\n\t\t\t\t\t\t<span class=\"elementor-button-text\">Ficha metodol\u00f3gica del costo medio de producci\u00f3n - 2025<\/span>\n\t\t<\/span>\n\t\t\t\t\t<\/a>\n\t\t<\/div>\n\t\t\t\t<\/div>\n\t\t\t\t<\/div>\n\t\t\t\t\t<\/div>\n\t\t<\/div>\n\t\t\t\t\t<\/div>\n\t\t<\/section>\n\t\t\t\t<\/div>\n\t\t","protected":false},"excerpt":{"rendered":"<p>Consulte aqu\u00ed la informaci\u00f3n relacionada con los mecanismos del Fondo de Estabilizaci\u00f3n de Precios del Caf\u00e9: Reporte Mensual Indicadores FEPCAF\u00c9 Mecanismo de Compensaci\u00f3n Ingreso Cafetero &#8211; MECIC Ficha metodol\u00f3gica del costo medio de producci\u00f3n &#8211; 2025<\/p>\n","protected":false},"author":39,"featured_media":3526,"parent":0,"menu_order":0,"comment_status":"closed","ping_status":"closed","template":"","meta":{"_monsterinsights_skip_tracking":false,"_monsterinsights_sitenote_active":false,"_monsterinsights_sitenote_note":"","_monsterinsights_sitenote_category":0,"footnotes":""},"yoast_head":"<!-- This site is optimized with the Yoast SEO plugin v22.0 - https:\/\/yoast.com\/wordpress\/plugins\/seo\/ -->\n<title>Mecanismos del FEPCAF\u00c9 - Federaci\u00f3n Nacional de Cafeteros<\/title>\n<meta name=\"robots\" content=\"index, follow, max-snippet:-1, max-image-preview:large, max-video-preview:-1\" \/>\n<link rel=\"canonical\" href=\"https:\/\/federaciondecafeteros.org\/wp\/mecanismos-del-fepcafe\/\" \/>\n<meta property=\"og:locale\" content=\"es_ES\" \/>\n<meta property=\"og:type\" content=\"article\" \/>\n<meta property=\"og:title\" content=\"Mecanismos del FEPCAF\u00c9 - Federaci\u00f3n Nacional de Cafeteros\" \/>\n<meta property=\"og:description\" content=\"Consulte aqu\u00ed la informaci\u00f3n relacionada con los mecanismos del Fondo de Estabilizaci\u00f3n de Precios del Caf\u00e9: Reporte Mensual Indicadores FEPCAF\u00c9 Mecanismo de Compensaci\u00f3n Ingreso Cafetero &#8211; MECIC Ficha metodol\u00f3gica del costo medio de producci\u00f3n &#8211; 2025\" \/>\n<meta property=\"og:url\" content=\"https:\/\/federaciondecafeteros.org\/wp\/mecanismos-del-fepcafe\/\" \/>\n<meta property=\"og:site_name\" content=\"Federaci\u00f3n Nacional de Cafeteros\" \/>\n<meta property=\"article:publisher\" content=\"https:\/\/www.facebook.com\/fedecafeteros\" \/>\n<meta property=\"article:modified_time\" content=\"2026-03-02T13:33:39+00:00\" \/>\n<meta property=\"og:image\" content=\"https:\/\/federaciondecafeteros.org\/app\/uploads\/2019\/11\/fonc-baner.jpg\" \/>\n\t<meta property=\"og:image:width\" content=\"1650\" \/>\n\t<meta property=\"og:image:height\" content=\"472\" \/>\n\t<meta property=\"og:image:type\" content=\"image\/jpeg\" \/>\n<meta name=\"twitter:card\" content=\"summary_large_image\" \/>\n<meta name=\"twitter:site\" content=\"@FedeCafeteros\" \/>\n<meta name=\"twitter:label1\" content=\"Est. reading time\" \/>\n\t<meta name=\"twitter:data1\" content=\"1 minuto\" \/>\n<script type=\"application\/ld+json\" class=\"yoast-schema-graph\">{\"@context\":\"https:\/\/schema.org\",\"@graph\":[{\"@type\":\"WebPage\",\"@id\":\"https:\/\/federaciondecafeteros.org\/wp\/mecanismos-del-fepcafe\/\",\"url\":\"https:\/\/federaciondecafeteros.org\/wp\/mecanismos-del-fepcafe\/\",\"name\":\"Mecanismos del FEPCAF\u00c9 - Federaci\u00f3n Nacional de Cafeteros\",\"isPartOf\":{\"@id\":\"https:\/\/federaciondecafeteros.org\/wp\/#website\"},\"datePublished\":\"2025-02-13T15:05:15+00:00\",\"dateModified\":\"2026-03-02T13:33:39+00:00\",\"breadcrumb\":{\"@id\":\"https:\/\/federaciondecafeteros.org\/wp\/mecanismos-del-fepcafe\/#breadcrumb\"},\"inLanguage\":\"es\",\"potentialAction\":[{\"@type\":\"ReadAction\",\"target\":[\"https:\/\/federaciondecafeteros.org\/wp\/mecanismos-del-fepcafe\/\"]}]},{\"@type\":\"BreadcrumbList\",\"@id\":\"https:\/\/federaciondecafeteros.org\/wp\/mecanismos-del-fepcafe\/#breadcrumb\",\"itemListElement\":[{\"@type\":\"ListItem\",\"position\":1,\"name\":\"Home\",\"item\":\"https:\/\/federaciondecafeteros.org\/wp\/\"},{\"@type\":\"ListItem\",\"position\":2,\"name\":\"Mecanismos del FEPCAF\u00c9\"}]},{\"@type\":\"WebSite\",\"@id\":\"https:\/\/federaciondecafeteros.org\/wp\/#website\",\"url\":\"https:\/\/federaciondecafeteros.org\/wp\/\",\"name\":\"Federaci\u00f3n Nacional de Cafeteros\",\"description\":\"Sitio de la Federaci\u00f3n Nacional de Cafeteros\",\"potentialAction\":[{\"@type\":\"SearchAction\",\"target\":{\"@type\":\"EntryPoint\",\"urlTemplate\":\"https:\/\/federaciondecafeteros.org\/wp\/?s={search_term_string}\"},\"query-input\":\"required name=search_term_string\"}],\"inLanguage\":\"es\"}]}<\/script>\n<!-- \/ Yoast SEO plugin. -->","yoast_head_json":{"title":"Mecanismos del FEPCAF\u00c9 - Federaci\u00f3n Nacional de Cafeteros","robots":{"index":"index","follow":"follow","max-snippet":"max-snippet:-1","max-image-preview":"max-image-preview:large","max-video-preview":"max-video-preview:-1"},"canonical":"https:\/\/federaciondecafeteros.org\/wp\/mecanismos-del-fepcafe\/","og_locale":"es_ES","og_type":"article","og_title":"Mecanismos del FEPCAF\u00c9 - Federaci\u00f3n Nacional de Cafeteros","og_description":"Consulte aqu\u00ed la informaci\u00f3n relacionada con los mecanismos del Fondo de Estabilizaci\u00f3n de Precios del Caf\u00e9: Reporte Mensual Indicadores FEPCAF\u00c9 Mecanismo de Compensaci\u00f3n Ingreso Cafetero &#8211; MECIC Ficha metodol\u00f3gica del costo medio de producci\u00f3n &#8211; 2025","og_url":"https:\/\/federaciondecafeteros.org\/wp\/mecanismos-del-fepcafe\/","og_site_name":"Federaci\u00f3n Nacional de Cafeteros","article_publisher":"https:\/\/www.facebook.com\/fedecafeteros","article_modified_time":"2026-03-02T13:33:39+00:00","og_image":[{"width":1650,"height":472,"url":"https:\/\/federaciondecafeteros.org\/app\/uploads\/2019\/11\/fonc-baner.jpg","type":"image\/jpeg"}],"twitter_card":"summary_large_image","twitter_site":"@FedeCafeteros","twitter_misc":{"Est. reading time":"1 minuto"},"schema":{"@context":"https:\/\/schema.org","@graph":[{"@type":"WebPage","@id":"https:\/\/federaciondecafeteros.org\/wp\/mecanismos-del-fepcafe\/","url":"https:\/\/federaciondecafeteros.org\/wp\/mecanismos-del-fepcafe\/","name":"Mecanismos del FEPCAF\u00c9 - Federaci\u00f3n Nacional de Cafeteros","isPartOf":{"@id":"https:\/\/federaciondecafeteros.org\/wp\/#website"},"datePublished":"2025-02-13T15:05:15+00:00","dateModified":"2026-03-02T13:33:39+00:00","breadcrumb":{"@id":"https:\/\/federaciondecafeteros.org\/wp\/mecanismos-del-fepcafe\/#breadcrumb"},"inLanguage":"es","potentialAction":[{"@type":"ReadAction","target":["https:\/\/federaciondecafeteros.org\/wp\/mecanismos-del-fepcafe\/"]}]},{"@type":"BreadcrumbList","@id":"https:\/\/federaciondecafeteros.org\/wp\/mecanismos-del-fepcafe\/#breadcrumb","itemListElement":[{"@type":"ListItem","position":1,"name":"Home","item":"https:\/\/federaciondecafeteros.org\/wp\/"},{"@type":"ListItem","position":2,"name":"Mecanismos del FEPCAF\u00c9"}]},{"@type":"WebSite","@id":"https:\/\/federaciondecafeteros.org\/wp\/#website","url":"https:\/\/federaciondecafeteros.org\/wp\/","name":"Federaci\u00f3n Nacional de Cafeteros","description":"Sitio de la Federaci\u00f3n Nacional de Cafeteros","potentialAction":[{"@type":"SearchAction","target":{"@type":"EntryPoint","urlTemplate":"https:\/\/federaciondecafeteros.org\/wp\/?s={search_term_string}"},"query-input":"required name=search_term_string"}],"inLanguage":"es"}]}},"_links":{"self":[{"href":"https:\/\/federaciondecafeteros.org\/wp\/wp-json\/wp\/v2\/pages\/38317"}],"collection":[{"href":"https:\/\/federaciondecafeteros.org\/wp\/wp-json\/wp\/v2\/pages"}],"about":[{"href":"https:\/\/federaciondecafeteros.org\/wp\/wp-json\/wp\/v2\/types\/page"}],"author":[{"embeddable":true,"href":"https:\/\/federaciondecafeteros.org\/wp\/wp-json\/wp\/v2\/users\/39"}],"replies":[{"embeddable":true,"href":"https:\/\/federaciondecafeteros.org\/wp\/wp-json\/wp\/v2\/comments?post=38317"}],"version-history":[{"count":58,"href":"https:\/\/federaciondecafeteros.org\/wp\/wp-json\/wp\/v2\/pages\/38317\/revisions"}],"predecessor-version":[{"id":42073,"href":"https:\/\/federaciondecafeteros.org\/wp\/wp-json\/wp\/v2\/pages\/38317\/revisions\/42073"}],"wp:featuredmedia":[{"embeddable":true,"href":"https:\/\/federaciondecafeteros.org\/wp\/wp-json\/wp\/v2\/media\/3526"}],"wp:attachment":[{"href":"https:\/\/federaciondecafeteros.org\/wp\/wp-json\/wp\/v2\/media?parent=38317"}],"curies":[{"name":"wp","href":"https:\/\/api.w.org\/{rel}","templated":true}]}}